{"id":3126,"date":"2017-07-03T07:24:55","date_gmt":"2017-07-03T07:24:55","guid":{"rendered":"http:\/\/jellywp.com\/theme\/ecliqse\/demo\/?page_id=3126"},"modified":"2022-06-30T13:19:36","modified_gmt":"2022-06-30T18:19:36","slug":"pueblos-magicos-de-mexico","status":"publish","type":"page","link":"https:\/\/soclose.mx\/blog\/pueblos-magicos-de-mexico\/","title":{"rendered":"Pueblos M\u00e1gicos de M\u00e9xico"},"content":{"rendered":"\t\t<div data-elementor-type=\"wp-page\" data-elementor-id=\"3126\" class=\"elementor elementor-3126\">\n\t\t\t\t\t\t<section class=\"elementor-section elementor-top-section elementor-element elementor-element-9f00e22 elementor-section-boxed elementor-section-height-default elementor-section-height-default\" data-id=\"9f00e22\" data-element_type=\"section\">\n\t\t\t\t\t\t<div class=\"elementor-container elementor-column-gap-default\">\n\t\t\t\t\t<div class=\"elementor-column elementor-col-100 elementor-top-column elementor-element elementor-element-1c42d7f\" data-id=\"1c42d7f\" data-element_type=\"column\">\n\t\t\t<div class=\"elementor-widget-wrap\">\n\t\t\t\t\t\t\t<\/div>\n\t\t<\/div>\n\t\t\t\t\t<\/div>\n\t\t<\/section>\n\t\t\t\t<section class=\"elementor-section elementor-top-section elementor-element elementor-element-189d25c elementor-section-boxed elementor-section-height-default elementor-section-height-default\" data-id=\"189d25c\" data-element_type=\"section\">\n\t\t\t\t\t\t<div class=\"elementor-container elementor-column-gap-default\">\n\t\t\t\t\t<div class=\"elementor-column elementor-col-100 elementor-top-column elementor-element elementor-element-bafd50e\" data-id=\"bafd50e\" data-element_type=\"column\">\n\t\t\t<div class=\"elementor-widget-wrap elementor-element-populated\">\n\t\t\t\t\t\t<div class=\"elementor-element elementor-element-d9cbc8f elementor-widget elementor-widget-video\" data-id=\"d9cbc8f\" data-element_type=\"widget\" data-settings=\"{&quot;youtube_url&quot;:&quot;https:\\\/\\\/www.youtube.com\\\/watch?v=zDxocFG-o6M&quot;,&quot;video_type&quot;:&quot;youtube&quot;,&quot;controls&quot;:&quot;yes&quot;}\" data-widget_type=\"video.default\">\n\t\t\t\t<div class=\"elementor-widget-container\">\n\t\t\t\t\t\t\t<div class=\"elementor-wrapper elementor-open-inline\">\n\t\t\t<div class=\"elementor-video\"><\/div>\t\t<\/div>\n\t\t\t\t\t\t<\/div>\n\t\t\t\t<\/div>\n\t\t\t\t\t<\/div>\n\t\t<\/div>\n\t\t\t\t\t<\/div>\n\t\t<\/section>\n\t\t\t\t<section class=\"elementor-section elementor-top-section elementor-element elementor-element-3dff804 elementor-section-boxed elementor-section-height-default elementor-section-height-default\" data-id=\"3dff804\" data-element_type=\"section\">\n\t\t\t\t\t\t<div class=\"elementor-container elementor-column-gap-default\">\n\t\t\t\t\t<div class=\"elementor-column elementor-col-100 elementor-top-column elementor-element elementor-element-370eebc\" data-id=\"370eebc\" data-element_type=\"column\">\n\t\t\t<div class=\"elementor-widget-wrap elementor-element-populated\">\n\t\t\t\t\t\t<div class=\"elementor-element elementor-element-bb628b6 elementor-widget elementor-widget-video\" data-id=\"bb628b6\" data-element_type=\"widget\" data-settings=\"{&quot;youtube_url&quot;:&quot;https:\\\/\\\/youtu.be\\\/MtEIsggjqgA&quot;,&quot;video_type&quot;:&quot;youtube&quot;,&quot;controls&quot;:&quot;yes&quot;}\" data-widget_type=\"video.default\">\n\t\t\t\t<div class=\"elementor-widget-container\">\n\t\t\t\t\t\t\t<div class=\"elementor-wrapper elementor-open-inline\">\n\t\t\t<div class=\"elementor-video\"><\/div>\t\t<\/div>\n\t\t\t\t\t\t<\/div>\n\t\t\t\t<\/div>\n\t\t\t\t\t<\/div>\n\t\t<\/div>\n\t\t\t\t\t<\/div>\n\t\t<\/section>\n\t\t\t\t<\/div>\n\t\t","protected":false},"excerpt":{"rendered":"<p>Pueblos M\u00e1gicos de M\u00e9xico LugaresPueblos m\u00e1gicos Tetela de Ocampo, Puebla, el pueblo m\u00e1gico de los &#8220;Tres Juanes&#8221; Por So Close 7 cosas que hacer en el pueblo m\u00e1gico de Huauchinango Por Miguel Angel Romero Arteaga, Coahuila: El pueblo m\u00e1gico perfecto para esquiar Por Miguel Angel Romero LugaresPueblos m\u00e1gicos Aculco, Estado de M\u00e9xico, un pueblo m\u00e1gico de otom\u00edes Por So Close M\u00e9xico asistir\u00e1 al Primer Tianguis Internacional de Pueblos M\u00e1gicos Por Miguel Angel Romero Pueblo M\u00e1gico \u00c1lamos, Sonora, o \u201cLa Ciudad de los Portales\u201d Por So Close LugaresPueblos m\u00e1gicos Ajijic, Jalisco, el pueblo m\u00e1gico que enamora a extranjeros Por So Close<\/p>\n","protected":false},"author":1,"featured_media":0,"parent":0,"menu_order":0,"comment_status":"closed","ping_status":"closed","template":"","meta":{"footnotes":""},"class_list":["post-3126","page","type-page","status-publish","hentry"],"yoast_head":"<!-- This site is optimized with the Yoast SEO plugin v26.7 - https:\/\/yoast.com\/wordpress\/plugins\/seo\/ -->\n<title>Pueblos M\u00e1gicos de M\u00e9xico - So Close<\/title>\n<meta name=\"robots\" content=\"index, follow, max-snippet:-1, max-image-preview:large, max-video-preview:-1\" \/>\n<link rel=\"canonical\" href=\"https:\/\/soclose.mx\/blog\/pueblos-magicos-de-mexico\/\" \/>\n<meta property=\"og:locale\" content=\"es_MX\" \/>\n<meta property=\"og:type\" content=\"article\" \/>\n<meta property=\"og:title\" content=\"Pueblos M\u00e1gicos de M\u00e9xico - So Close\" \/>\n<meta property=\"og:description\" content=\"Pueblos M\u00e1gicos de M\u00e9xico LugaresPueblos m\u00e1gicos Tetela de Ocampo, Puebla, el pueblo m\u00e1gico de los &#8220;Tres Juanes&#8221; Por So Close 7 cosas que hacer en el pueblo m\u00e1gico de Huauchinango Por Miguel Angel Romero Arteaga, Coahuila: El pueblo m\u00e1gico perfecto para esquiar Por Miguel Angel Romero LugaresPueblos m\u00e1gicos Aculco, Estado de M\u00e9xico, un pueblo m\u00e1gico de otom\u00edes Por So Close M\u00e9xico asistir\u00e1 al Primer Tianguis Internacional de Pueblos M\u00e1gicos Por Miguel Angel Romero Pueblo M\u00e1gico \u00c1lamos, Sonora, o \u201cLa Ciudad de los Portales\u201d Por So Close LugaresPueblos m\u00e1gicos Ajijic, Jalisco, el pueblo m\u00e1gico que enamora a extranjeros Por So Close\" \/>\n<meta property=\"og:url\" content=\"https:\/\/soclose.mx\/blog\/pueblos-magicos-de-mexico\/\" \/>\n<meta property=\"og:site_name\" content=\"So Close\" \/>\n<meta property=\"article:modified_time\" content=\"2022-06-30T18:19:36+00:00\" \/>\n<meta name=\"twitter:card\" content=\"summary_large_image\" \/>\n<meta name=\"twitter:label1\" content=\"Tiempo de lectura\" \/>\n\t<meta name=\"twitter:data1\" content=\"3 minutos\" \/>\n<script type=\"application\/ld+json\" class=\"yoast-schema-graph\">{\"@context\":\"https:\/\/schema.org\",\"@graph\":[{\"@type\":\"WebPage\",\"@id\":\"https:\/\/soclose.mx\/blog\/pueblos-magicos-de-mexico\/\",\"url\":\"https:\/\/soclose.mx\/blog\/pueblos-magicos-de-mexico\/\",\"name\":\"Pueblos M\u00e1gicos de M\u00e9xico - So Close\",\"isPartOf\":{\"@id\":\"https:\/\/soclose.mx\/blog\/#website\"},\"datePublished\":\"2017-07-03T07:24:55+00:00\",\"dateModified\":\"2022-06-30T18:19:36+00:00\",\"breadcrumb\":{\"@id\":\"https:\/\/soclose.mx\/blog\/pueblos-magicos-de-mexico\/#breadcrumb\"},\"inLanguage\":\"es\",\"potentialAction\":[{\"@type\":\"ReadAction\",\"target\":[\"https:\/\/soclose.mx\/blog\/pueblos-magicos-de-mexico\/\"]}]},{\"@type\":\"BreadcrumbList\",\"@id\":\"https:\/\/soclose.mx\/blog\/pueblos-magicos-de-mexico\/#breadcrumb\",\"itemListElement\":[{\"@type\":\"ListItem\",\"position\":1,\"name\":\"Inicio\",\"item\":\"https:\/\/soclose.mx\/blog\/\"},{\"@type\":\"ListItem\",\"position\":2,\"name\":\"Pueblos M\u00e1gicos de M\u00e9xico\"}]},{\"@type\":\"WebSite\",\"@id\":\"https:\/\/soclose.mx\/blog\/#website\",\"url\":\"https:\/\/soclose.mx\/blog\/\",\"name\":\"So Close\",\"description\":\"Hacemos contenidos de M\u00e9xico\",\"publisher\":{\"@id\":\"https:\/\/soclose.mx\/blog\/#organization\"},\"potentialAction\":[{\"@type\":\"SearchAction\",\"target\":{\"@type\":\"EntryPoint\",\"urlTemplate\":\"https:\/\/soclose.mx\/blog\/?s={search_term_string}\"},\"query-input\":{\"@type\":\"PropertyValueSpecification\",\"valueRequired\":true,\"valueName\":\"search_term_string\"}}],\"inLanguage\":\"es\"},{\"@type\":\"Organization\",\"@id\":\"https:\/\/soclose.mx\/blog\/#organization\",\"name\":\"So Close\",\"url\":\"https:\/\/soclose.mx\/blog\/\",\"logo\":{\"@type\":\"ImageObject\",\"inLanguage\":\"es\",\"@id\":\"https:\/\/soclose.mx\/blog\/#\/schema\/logo\/image\/\",\"url\":\"https:\/\/i0.wp.com\/soclose.mx\/blog\/wp-content\/uploads\/2020\/12\/LOGO_SOCLOSE_COLOR-e1608310133507.png?fit=2858%2C1264&ssl=1\",\"contentUrl\":\"https:\/\/i0.wp.com\/soclose.mx\/blog\/wp-content\/uploads\/2020\/12\/LOGO_SOCLOSE_COLOR-e1608310133507.png?fit=2858%2C1264&ssl=1\",\"width\":2858,\"height\":1264,\"caption\":\"So Close\"},\"image\":{\"@id\":\"https:\/\/soclose.mx\/blog\/#\/schema\/logo\/image\/\"}}]}<\/script>\n<!-- \/ Yoast SEO plugin. -->","yoast_head_json":{"title":"Pueblos M\u00e1gicos de M\u00e9xico - So Close","robots":{"index":"index","follow":"follow","max-snippet":"max-snippet:-1","max-image-preview":"max-image-preview:large","max-video-preview":"max-video-preview:-1"},"canonical":"https:\/\/soclose.mx\/blog\/pueblos-magicos-de-mexico\/","og_locale":"es_MX","og_type":"article","og_title":"Pueblos M\u00e1gicos de M\u00e9xico - So Close","og_description":"Pueblos M\u00e1gicos de M\u00e9xico LugaresPueblos m\u00e1gicos Tetela de Ocampo, Puebla, el pueblo m\u00e1gico de los &#8220;Tres Juanes&#8221; Por So Close 7 cosas que hacer en el pueblo m\u00e1gico de Huauchinango Por Miguel Angel Romero Arteaga, Coahuila: El pueblo m\u00e1gico perfecto para esquiar Por Miguel Angel Romero LugaresPueblos m\u00e1gicos Aculco, Estado de M\u00e9xico, un pueblo m\u00e1gico de otom\u00edes Por So Close M\u00e9xico asistir\u00e1 al Primer Tianguis Internacional de Pueblos M\u00e1gicos Por Miguel Angel Romero Pueblo M\u00e1gico \u00c1lamos, Sonora, o \u201cLa Ciudad de los Portales\u201d Por So Close LugaresPueblos m\u00e1gicos Ajijic, Jalisco, el pueblo m\u00e1gico que enamora a extranjeros Por So Close","og_url":"https:\/\/soclose.mx\/blog\/pueblos-magicos-de-mexico\/","og_site_name":"So Close","article_modified_time":"2022-06-30T18:19:36+00:00","twitter_card":"summary_large_image","twitter_misc":{"Tiempo de lectura":"3 minutos"},"schema":{"@context":"https:\/\/schema.org","@graph":[{"@type":"WebPage","@id":"https:\/\/soclose.mx\/blog\/pueblos-magicos-de-mexico\/","url":"https:\/\/soclose.mx\/blog\/pueblos-magicos-de-mexico\/","name":"Pueblos M\u00e1gicos de M\u00e9xico - So Close","isPartOf":{"@id":"https:\/\/soclose.mx\/blog\/#website"},"datePublished":"2017-07-03T07:24:55+00:00","dateModified":"2022-06-30T18:19:36+00:00","breadcrumb":{"@id":"https:\/\/soclose.mx\/blog\/pueblos-magicos-de-mexico\/#breadcrumb"},"inLanguage":"es","potentialAction":[{"@type":"ReadAction","target":["https:\/\/soclose.mx\/blog\/pueblos-magicos-de-mexico\/"]}]},{"@type":"BreadcrumbList","@id":"https:\/\/soclose.mx\/blog\/pueblos-magicos-de-mexico\/#breadcrumb","itemListElement":[{"@type":"ListItem","position":1,"name":"Inicio","item":"https:\/\/soclose.mx\/blog\/"},{"@type":"ListItem","position":2,"name":"Pueblos M\u00e1gicos de M\u00e9xico"}]},{"@type":"WebSite","@id":"https:\/\/soclose.mx\/blog\/#website","url":"https:\/\/soclose.mx\/blog\/","name":"So Close","description":"Hacemos contenidos de M\u00e9xico","publisher":{"@id":"https:\/\/soclose.mx\/blog\/#organization"},"potentialAction":[{"@type":"SearchAction","target":{"@type":"EntryPoint","urlTemplate":"https:\/\/soclose.mx\/blog\/?s={search_term_string}"},"query-input":{"@type":"PropertyValueSpecification","valueRequired":true,"valueName":"search_term_string"}}],"inLanguage":"es"},{"@type":"Organization","@id":"https:\/\/soclose.mx\/blog\/#organization","name":"So Close","url":"https:\/\/soclose.mx\/blog\/","logo":{"@type":"ImageObject","inLanguage":"es","@id":"https:\/\/soclose.mx\/blog\/#\/schema\/logo\/image\/","url":"https:\/\/i0.wp.com\/soclose.mx\/blog\/wp-content\/uploads\/2020\/12\/LOGO_SOCLOSE_COLOR-e1608310133507.png?fit=2858%2C1264&ssl=1","contentUrl":"https:\/\/i0.wp.com\/soclose.mx\/blog\/wp-content\/uploads\/2020\/12\/LOGO_SOCLOSE_COLOR-e1608310133507.png?fit=2858%2C1264&ssl=1","width":2858,"height":1264,"caption":"So Close"},"image":{"@id":"https:\/\/soclose.mx\/blog\/#\/schema\/logo\/image\/"}}]}},"jetpack-related-posts":[{"id":3124,"url":"https:\/\/soclose.mx\/blog\/lugares-de-mexico\/","url_meta":{"origin":3126,"position":0},"title":"Lugares de M\u00e9xico","author":"So Close","date":"3 julio, 2017","format":false,"excerpt":"Todos los lugares de M\u00e9xico Esto es un pueblo m\u00e1gico y la lista completa de... 3 a\u00f1os Hace Lo m\u00e1s pet friendly de la CDMX para llevarte a... 5 a\u00f1os Hace Playas v\u00edrgenes de M\u00e9xico para recibir A\u00f1o Nuevo 1 mes Hace 7 cosas que (debes) hacer en Mazunte, Oaxaca\u2026","rel":"","context":"Entrada similar ","block_context":{"text":"Entrada similar ","link":""},"img":{"alt_text":"","src":"","width":0,"height":0},"classes":[]},{"id":6,"url":"https:\/\/soclose.mx\/blog\/soledad_home\/","url_meta":{"origin":3126,"position":1},"title":"Somos M\u00e9xico","author":"Alejandro Carranza","date":"12 octubre, 2019","format":false,"excerpt":"Historias con olor, sabor y amor a M\u00e9xico Tipos del Mezcal de M\u00e9xico: \u00a1Descubre el Elixir de los Dioses! Por So Close Los Sonideros: Patrimonio Cultural de la CDMX Por So Close El Misterioso Caso de Selene Delgado: Leyenda Urbana de la Televisi\u00f3n Mexicana Por So Close Copa Am\u00e9rica Migrante:\u2026","rel":"","context":"Entrada similar ","block_context":{"text":"Entrada similar ","link":""},"img":{"alt_text":"","src":"","width":0,"height":0},"classes":[]},{"id":3335,"url":"https:\/\/soclose.mx\/blog\/comida-mexicana\/","url_meta":{"origin":3126,"position":2},"title":"Comida mexicana","author":"So Close","date":"1 diciembre, 2017","format":false,"excerpt":"10 dulces que ya no existen\u2026\u00a1y extra\u00f1amos! Chiles mexicanos: Antes y despu\u00e9s de secarse Mito o realidad: \u00bfel chito es carne de caballo o burro? 8 piropos mexicanos muy gastron\u00f3micos \u00bfD\u00f3nde encontrar la rosca de tacos? \u00bfCu\u00e1ntos tipos de frijoles existen? Tres milenarias recetas con nopales de la cocina otom\u00ed\u2026","rel":"","context":"Entrada similar ","block_context":{"text":"Entrada similar ","link":""},"img":{"alt_text":"","src":"https:\/\/i0.wp.com\/latam-files.hostgator.com\/es\/afiliados\/creadordesitios\/970x90.png?resize=350%2C200&ssl=1","width":350,"height":200,"srcset":"https:\/\/i0.wp.com\/latam-files.hostgator.com\/es\/afiliados\/creadordesitios\/970x90.png?resize=350%2C200&ssl=1 1x, https:\/\/i0.wp.com\/latam-files.hostgator.com\/es\/afiliados\/creadordesitios\/970x90.png?resize=525%2C300&ssl=1 1.5x, https:\/\/i0.wp.com\/latam-files.hostgator.com\/es\/afiliados\/creadordesitios\/970x90.png?resize=700%2C400&ssl=1 2x, https:\/\/i0.wp.com\/latam-files.hostgator.com\/es\/afiliados\/creadordesitios\/970x90.png?resize=1050%2C600&ssl=1 3x"},"classes":[]},{"id":3305,"url":"https:\/\/soclose.mx\/blog\/tramites\/","url_meta":{"origin":3126,"position":3},"title":"TR\u00c1MITES","author":"So Close","date":"16 julio, 2017","format":false,"excerpt":"INFORMACI\u00d3N SOBRE TR\u00c1MITES Y ORIENTACI\u00d3N \u00bfC\u00f3mo votar en las elecciones 2024 de M\u00e9xico, si vivo en Estados Unidos? Como mexicanos queremos ser parte de la historia actual de nuestro pa\u00eds, contribuir con nuestro granito de arena a la cultura mexicana, incluso si es \u2026 Por Emmanuel Oviedo 1 mes Hace\u2026","rel":"","context":"Entrada similar ","block_context":{"text":"Entrada similar ","link":""},"img":{"alt_text":"","src":"","width":0,"height":0},"classes":[]},{"id":3130,"url":"https:\/\/soclose.mx\/blog\/home-masonry-2-col\/","url_meta":{"origin":3126,"position":4},"title":"So Close &#8211; Somos M\u00e9xico","author":"So Close","date":"3 julio, 2017","format":false,"excerpt":"","rel":"","context":"Entrada similar ","block_context":{"text":"Entrada similar ","link":""},"img":{"alt_text":"","src":"","width":0,"height":0},"classes":[]}],"jetpack_sharing_enabled":true,"_links":{"self":[{"href":"https:\/\/soclose.mx\/blog\/wp-json\/wp\/v2\/pages\/3126","targetHints":{"allow":["GET"]}}],"collection":[{"href":"https:\/\/soclose.mx\/blog\/wp-json\/wp\/v2\/pages"}],"about":[{"href":"https:\/\/soclose.mx\/blog\/wp-json\/wp\/v2\/types\/page"}],"author":[{"embeddable":true,"href":"https:\/\/soclose.mx\/blog\/wp-json\/wp\/v2\/users\/1"}],"replies":[{"embeddable":true,"href":"https:\/\/soclose.mx\/blog\/wp-json\/wp\/v2\/comments?post=3126"}],"version-history":[{"count":0,"href":"https:\/\/soclose.mx\/blog\/wp-json\/wp\/v2\/pages\/3126\/revisions"}],"wp:attachment":[{"href":"https:\/\/soclose.mx\/blog\/wp-json\/wp\/v2\/media?parent=3126"}],"curies":[{"name":"wp","href":"https:\/\/api.w.org\/{rel}","templated":true}]}}