{"id":3130,"date":"2017-07-03T07:25:46","date_gmt":"2017-07-03T13:25:46","guid":{"rendered":"http:\/\/jellywp.com\/theme\/ecliqse\/demo\/?page_id=3130"},"modified":"2021-05-20T12:17:31","modified_gmt":"2021-05-20T17:17:31","slug":"home-masonry-2-col","status":"publish","type":"page","link":"https:\/\/soclose.mx\/blog\/home-masonry-2-col\/","title":{"rendered":"So Close &#8211; Somos M\u00e9xico"},"content":{"rendered":"","protected":false},"excerpt":{"rendered":"","protected":false},"author":1,"featured_media":0,"parent":0,"menu_order":0,"comment_status":"closed","ping_status":"closed","template":"","meta":{"footnotes":""},"class_list":["post-3130","page","type-page","status-publish","hentry"],"yoast_head":"<!-- This site is optimized with the Yoast SEO plugin v26.7 - https:\/\/yoast.com\/wordpress\/plugins\/seo\/ -->\n<title>So Close - Somos M\u00e9xico - So Close<\/title>\n<meta name=\"robots\" content=\"index, follow, max-snippet:-1, max-image-preview:large, max-video-preview:-1\" \/>\n<link rel=\"canonical\" href=\"https:\/\/soclose.mx\/blog\/home-masonry-2-col\/\" \/>\n<meta property=\"og:locale\" content=\"es_MX\" \/>\n<meta property=\"og:type\" content=\"article\" \/>\n<meta property=\"og:title\" content=\"So Close - Somos M\u00e9xico - So Close\" \/>\n<meta property=\"og:url\" content=\"https:\/\/soclose.mx\/blog\/home-masonry-2-col\/\" \/>\n<meta property=\"og:site_name\" content=\"So Close\" \/>\n<meta property=\"article:modified_time\" content=\"2021-05-20T17:17:31+00:00\" \/>\n<meta name=\"twitter:card\" content=\"summary_large_image\" \/>\n<script type=\"application\/ld+json\" class=\"yoast-schema-graph\">{\"@context\":\"https:\/\/schema.org\",\"@graph\":[{\"@type\":\"WebPage\",\"@id\":\"https:\/\/soclose.mx\/blog\/home-masonry-2-col\/\",\"url\":\"https:\/\/soclose.mx\/blog\/home-masonry-2-col\/\",\"name\":\"So Close - Somos M\u00e9xico - So Close\",\"isPartOf\":{\"@id\":\"https:\/\/soclose.mx\/blog\/#website\"},\"datePublished\":\"2017-07-03T13:25:46+00:00\",\"dateModified\":\"2021-05-20T17:17:31+00:00\",\"breadcrumb\":{\"@id\":\"https:\/\/soclose.mx\/blog\/home-masonry-2-col\/#breadcrumb\"},\"inLanguage\":\"es\",\"potentialAction\":[{\"@type\":\"ReadAction\",\"target\":[\"https:\/\/soclose.mx\/blog\/home-masonry-2-col\/\"]}]},{\"@type\":\"BreadcrumbList\",\"@id\":\"https:\/\/soclose.mx\/blog\/home-masonry-2-col\/#breadcrumb\",\"itemListElement\":[{\"@type\":\"ListItem\",\"position\":1,\"name\":\"Inicio\",\"item\":\"https:\/\/soclose.mx\/blog\/\"},{\"@type\":\"ListItem\",\"position\":2,\"name\":\"So Close &#8211; Somos M\u00e9xico\"}]},{\"@type\":\"WebSite\",\"@id\":\"https:\/\/soclose.mx\/blog\/#website\",\"url\":\"https:\/\/soclose.mx\/blog\/\",\"name\":\"So Close\",\"description\":\"Hacemos contenidos de M\u00e9xico\",\"publisher\":{\"@id\":\"https:\/\/soclose.mx\/blog\/#organization\"},\"potentialAction\":[{\"@type\":\"SearchAction\",\"target\":{\"@type\":\"EntryPoint\",\"urlTemplate\":\"https:\/\/soclose.mx\/blog\/?s={search_term_string}\"},\"query-input\":{\"@type\":\"PropertyValueSpecification\",\"valueRequired\":true,\"valueName\":\"search_term_string\"}}],\"inLanguage\":\"es\"},{\"@type\":\"Organization\",\"@id\":\"https:\/\/soclose.mx\/blog\/#organization\",\"name\":\"So Close\",\"url\":\"https:\/\/soclose.mx\/blog\/\",\"logo\":{\"@type\":\"ImageObject\",\"inLanguage\":\"es\",\"@id\":\"https:\/\/soclose.mx\/blog\/#\/schema\/logo\/image\/\",\"url\":\"https:\/\/i0.wp.com\/soclose.mx\/blog\/wp-content\/uploads\/2020\/12\/LOGO_SOCLOSE_COLOR-e1608310133507.png?fit=2858%2C1264&ssl=1\",\"contentUrl\":\"https:\/\/i0.wp.com\/soclose.mx\/blog\/wp-content\/uploads\/2020\/12\/LOGO_SOCLOSE_COLOR-e1608310133507.png?fit=2858%2C1264&ssl=1\",\"width\":2858,\"height\":1264,\"caption\":\"So Close\"},\"image\":{\"@id\":\"https:\/\/soclose.mx\/blog\/#\/schema\/logo\/image\/\"}}]}<\/script>\n<!-- \/ Yoast SEO plugin. -->","yoast_head_json":{"title":"So Close - Somos M\u00e9xico - So Close","robots":{"index":"index","follow":"follow","max-snippet":"max-snippet:-1","max-image-preview":"max-image-preview:large","max-video-preview":"max-video-preview:-1"},"canonical":"https:\/\/soclose.mx\/blog\/home-masonry-2-col\/","og_locale":"es_MX","og_type":"article","og_title":"So Close - Somos M\u00e9xico - So Close","og_url":"https:\/\/soclose.mx\/blog\/home-masonry-2-col\/","og_site_name":"So Close","article_modified_time":"2021-05-20T17:17:31+00:00","twitter_card":"summary_large_image","schema":{"@context":"https:\/\/schema.org","@graph":[{"@type":"WebPage","@id":"https:\/\/soclose.mx\/blog\/home-masonry-2-col\/","url":"https:\/\/soclose.mx\/blog\/home-masonry-2-col\/","name":"So Close - Somos M\u00e9xico - So Close","isPartOf":{"@id":"https:\/\/soclose.mx\/blog\/#website"},"datePublished":"2017-07-03T13:25:46+00:00","dateModified":"2021-05-20T17:17:31+00:00","breadcrumb":{"@id":"https:\/\/soclose.mx\/blog\/home-masonry-2-col\/#breadcrumb"},"inLanguage":"es","potentialAction":[{"@type":"ReadAction","target":["https:\/\/soclose.mx\/blog\/home-masonry-2-col\/"]}]},{"@type":"BreadcrumbList","@id":"https:\/\/soclose.mx\/blog\/home-masonry-2-col\/#breadcrumb","itemListElement":[{"@type":"ListItem","position":1,"name":"Inicio","item":"https:\/\/soclose.mx\/blog\/"},{"@type":"ListItem","position":2,"name":"So Close &#8211; Somos M\u00e9xico"}]},{"@type":"WebSite","@id":"https:\/\/soclose.mx\/blog\/#website","url":"https:\/\/soclose.mx\/blog\/","name":"So Close","description":"Hacemos contenidos de M\u00e9xico","publisher":{"@id":"https:\/\/soclose.mx\/blog\/#organization"},"potentialAction":[{"@type":"SearchAction","target":{"@type":"EntryPoint","urlTemplate":"https:\/\/soclose.mx\/blog\/?s={search_term_string}"},"query-input":{"@type":"PropertyValueSpecification","valueRequired":true,"valueName":"search_term_string"}}],"inLanguage":"es"},{"@type":"Organization","@id":"https:\/\/soclose.mx\/blog\/#organization","name":"So Close","url":"https:\/\/soclose.mx\/blog\/","logo":{"@type":"ImageObject","inLanguage":"es","@id":"https:\/\/soclose.mx\/blog\/#\/schema\/logo\/image\/","url":"https:\/\/i0.wp.com\/soclose.mx\/blog\/wp-content\/uploads\/2020\/12\/LOGO_SOCLOSE_COLOR-e1608310133507.png?fit=2858%2C1264&ssl=1","contentUrl":"https:\/\/i0.wp.com\/soclose.mx\/blog\/wp-content\/uploads\/2020\/12\/LOGO_SOCLOSE_COLOR-e1608310133507.png?fit=2858%2C1264&ssl=1","width":2858,"height":1264,"caption":"So Close"},"image":{"@id":"https:\/\/soclose.mx\/blog\/#\/schema\/logo\/image\/"}}]}},"jetpack-related-posts":[{"id":3126,"url":"https:\/\/soclose.mx\/blog\/pueblos-magicos-de-mexico\/","url_meta":{"origin":3130,"position":0},"title":"Pueblos M\u00e1gicos de M\u00e9xico","author":"So Close","date":"3 julio, 2017","format":false,"excerpt":"Pueblos M\u00e1gicos de M\u00e9xico LugaresPueblos m\u00e1gicos Tetela de Ocampo, Puebla, el pueblo m\u00e1gico de los \u201cTres Juanes\u201d Por So Close 7 cosas que hacer en el pueblo m\u00e1gico de Huauchinango Por Miguel Angel Romero Arteaga, Coahuila: El pueblo m\u00e1gico perfecto para esquiar Por Miguel Angel Romero LugaresPueblos m\u00e1gicos Aculco, Estado\u2026","rel":"","context":"Entrada similar ","block_context":{"text":"Entrada similar ","link":""},"img":{"alt_text":"","src":"https:\/\/i0.wp.com\/img.youtube.com\/vi\/zDxocFG-o6Mhttps\/0.jpg?resize=350%2C200","width":350,"height":200},"classes":[]},{"id":6,"url":"https:\/\/soclose.mx\/blog\/soledad_home\/","url_meta":{"origin":3130,"position":1},"title":"Somos M\u00e9xico","author":"Alejandro Carranza","date":"12 octubre, 2019","format":false,"excerpt":"Historias con olor, sabor y amor a M\u00e9xico Tipos del Mezcal de M\u00e9xico: \u00a1Descubre el Elixir de los Dioses! Por So Close Los Sonideros: Patrimonio Cultural de la CDMX Por So Close El Misterioso Caso de Selene Delgado: Leyenda Urbana de la Televisi\u00f3n Mexicana Por So Close Copa Am\u00e9rica Migrante:\u2026","rel":"","context":"Entrada similar ","block_context":{"text":"Entrada similar ","link":""},"img":{"alt_text":"","src":"","width":0,"height":0},"classes":[]},{"id":3124,"url":"https:\/\/soclose.mx\/blog\/lugares-de-mexico\/","url_meta":{"origin":3130,"position":2},"title":"Lugares de M\u00e9xico","author":"So Close","date":"3 julio, 2017","format":false,"excerpt":"Todos los lugares de M\u00e9xico Esto es un pueblo m\u00e1gico y la lista completa de... 3 a\u00f1os Hace Lo m\u00e1s pet friendly de la CDMX para llevarte a... 5 a\u00f1os Hace Playas v\u00edrgenes de M\u00e9xico para recibir A\u00f1o Nuevo 1 mes Hace 7 cosas que (debes) hacer en Mazunte, Oaxaca\u2026","rel":"","context":"Entrada similar ","block_context":{"text":"Entrada similar ","link":""},"img":{"alt_text":"","src":"","width":0,"height":0},"classes":[]},{"id":11604,"url":"https:\/\/soclose.mx\/blog\/quienes-somos\/","url_meta":{"origin":3130,"position":3},"title":"\u00bfQui\u00e9nes somos?","author":"So Close","date":"23 abril, 2023","format":false,"excerpt":"Nos adecuamos a cualquier presupuestoAGENCIA DE CONTENIDOSProducimos contenidos en diversos formatos, principalmente desarrollados para plataformas digitales: Redes sociales, sitios web y apps. https:\/\/soclose.mx\/blog\/wp-content\/uploads\/2023\/12\/So-Close-generica.mp4","rel":"","context":"Entrada similar ","block_context":{"text":"Entrada similar ","link":""},"img":{"alt_text":"","src":"https:\/\/i0.wp.com\/soclose.mx\/blog\/wp-content\/uploads\/2023\/08\/Full-banner-sitio-So-Close-1024x160.png?resize=350%2C200&ssl=1","width":350,"height":200,"srcset":"https:\/\/i0.wp.com\/soclose.mx\/blog\/wp-content\/uploads\/2023\/08\/Full-banner-sitio-So-Close-1024x160.png?resize=350%2C200&ssl=1 1x, https:\/\/i0.wp.com\/soclose.mx\/blog\/wp-content\/uploads\/2023\/08\/Full-banner-sitio-So-Close-1024x160.png?resize=525%2C300&ssl=1 1.5x, https:\/\/i0.wp.com\/soclose.mx\/blog\/wp-content\/uploads\/2023\/08\/Full-banner-sitio-So-Close-1024x160.png?resize=700%2C400&ssl=1 2x"},"classes":[]},{"id":15025,"url":"https:\/\/soclose.mx\/blog\/tienda\/","url_meta":{"origin":3130,"position":4},"title":"Tienda","author":"So Close","date":"8 enero, 2026","format":false,"excerpt":"","rel":"","context":"Entrada similar ","block_context":{"text":"Entrada similar ","link":""},"img":{"alt_text":"","src":"","width":0,"height":0},"classes":[]},{"id":3144,"url":"https:\/\/soclose.mx\/blog\/shop\/","url_meta":{"origin":3130,"position":5},"title":"Shop","author":"So Close","date":"3 julio, 2017","format":false,"excerpt":"","rel":"","context":"Entrada similar ","block_context":{"text":"Entrada similar ","link":""},"img":{"alt_text":"","src":"","width":0,"height":0},"classes":[]}],"jetpack_sharing_enabled":true,"_links":{"self":[{"href":"https:\/\/soclose.mx\/blog\/wp-json\/wp\/v2\/pages\/3130","targetHints":{"allow":["GET"]}}],"collection":[{"href":"https:\/\/soclose.mx\/blog\/wp-json\/wp\/v2\/pages"}],"about":[{"href":"https:\/\/soclose.mx\/blog\/wp-json\/wp\/v2\/types\/page"}],"author":[{"embeddable":true,"href":"https:\/\/soclose.mx\/blog\/wp-json\/wp\/v2\/users\/1"}],"replies":[{"embeddable":true,"href":"https:\/\/soclose.mx\/blog\/wp-json\/wp\/v2\/comments?post=3130"}],"version-history":[{"count":0,"href":"https:\/\/soclose.mx\/blog\/wp-json\/wp\/v2\/pages\/3130\/revisions"}],"wp:attachment":[{"href":"https:\/\/soclose.mx\/blog\/wp-json\/wp\/v2\/media?parent=3130"}],"curies":[{"name":"wp","href":"https:\/\/api.w.org\/{rel}","templated":true}]}}