{"id":3305,"date":"2017-07-16T08:18:03","date_gmt":"2017-07-16T08:18:03","guid":{"rendered":"http:\/\/jellywp.com\/theme\/ecliqse\/demo\/?page_id=3305"},"modified":"2024-05-16T20:44:40","modified_gmt":"2024-05-17T02:44:40","slug":"tramites","status":"publish","type":"page","link":"https:\/\/soclose.mx\/blog\/tramites\/","title":{"rendered":"TR\u00c1MITES"},"content":{"rendered":"\t\t<div data-elementor-type=\"wp-page\" data-elementor-id=\"3305\" class=\"elementor elementor-3305\">\n\t\t\t\t\t\t<section class=\"elementor-section elementor-top-section elementor-element elementor-element-108713b elementor-section-boxed elementor-section-height-default elementor-section-height-default\" data-id=\"108713b\" data-element_type=\"section\">\n\t\t\t\t\t\t<div class=\"elementor-container elementor-column-gap-default\">\n\t\t\t\t\t<div class=\"elementor-column elementor-col-100 elementor-top-column elementor-element elementor-element-23e932d\" data-id=\"23e932d\" data-element_type=\"column\">\n\t\t\t<div class=\"elementor-widget-wrap\">\n\t\t\t\t\t\t\t<\/div>\n\t\t<\/div>\n\t\t\t\t\t<\/div>\n\t\t<\/section>\n\t\t\t\t<\/div>\n\t\t","protected":false},"excerpt":{"rendered":"<p>INFORMACI\u00d3N SOBRE TR\u00c1MITES Y ORIENTACI\u00d3N \u00bfC\u00f3mo votar en las elecciones 2024 de M\u00e9xico, si vivo en Estados Unidos? Como mexicanos queremos ser parte de la historia actual de nuestro pa\u00eds, contribuir con nuestro granito de arena a la cultura mexicana, incluso si es &#8230; Por Emmanuel Oviedo 1 mes Hace Lo que debes saber de las elecciones 2024 en M\u00e9xico En el a\u00f1o 2024 termina un sexenio y empieza otro periodo importante en la vida pol\u00edtica de nuestro pa\u00eds. En las calles sobreabunda la propaganda, &#8230; Por Emmanuel Oviedo 1 mes Hace C\u00f3mo encontrar trabajo en Europa, si eres mexicano<\/p>\n","protected":false},"author":1,"featured_media":0,"parent":0,"menu_order":0,"comment_status":"closed","ping_status":"closed","template":"","meta":{"footnotes":""},"class_list":["post-3305","page","type-page","status-publish","hentry"],"yoast_head":"<!-- This site is optimized with the Yoast SEO plugin v26.7 - https:\/\/yoast.com\/wordpress\/plugins\/seo\/ -->\n<title>TR\u00c1MITES - So Close<\/title>\n<meta name=\"robots\" content=\"index, follow, max-snippet:-1, max-image-preview:large, max-video-preview:-1\" \/>\n<link rel=\"canonical\" href=\"https:\/\/soclose.mx\/blog\/tramites\/\" \/>\n<meta property=\"og:locale\" content=\"es_MX\" \/>\n<meta property=\"og:type\" content=\"article\" \/>\n<meta property=\"og:title\" content=\"TR\u00c1MITES - So Close\" \/>\n<meta property=\"og:description\" content=\"INFORMACI\u00d3N SOBRE TR\u00c1MITES Y ORIENTACI\u00d3N \u00bfC\u00f3mo votar en las elecciones 2024 de M\u00e9xico, si vivo en Estados Unidos? Como mexicanos queremos ser parte de la historia actual de nuestro pa\u00eds, contribuir con nuestro granito de arena a la cultura mexicana, incluso si es &#8230; Por Emmanuel Oviedo 1 mes Hace Lo que debes saber de las elecciones 2024 en M\u00e9xico En el a\u00f1o 2024 termina un sexenio y empieza otro periodo importante en la vida pol\u00edtica de nuestro pa\u00eds. En las calles sobreabunda la propaganda, &#8230; Por Emmanuel Oviedo 1 mes Hace C\u00f3mo encontrar trabajo en Europa, si eres mexicano\" \/>\n<meta property=\"og:url\" content=\"https:\/\/soclose.mx\/blog\/tramites\/\" \/>\n<meta property=\"og:site_name\" content=\"So Close\" \/>\n<meta property=\"article:modified_time\" content=\"2024-05-17T02:44:40+00:00\" \/>\n<meta name=\"twitter:card\" content=\"summary_large_image\" \/>\n<meta name=\"twitter:label1\" content=\"Tiempo de lectura\" \/>\n\t<meta name=\"twitter:data1\" content=\"3 minutos\" \/>\n<script type=\"application\/ld+json\" class=\"yoast-schema-graph\">{\"@context\":\"https:\/\/schema.org\",\"@graph\":[{\"@type\":\"WebPage\",\"@id\":\"https:\/\/soclose.mx\/blog\/tramites\/\",\"url\":\"https:\/\/soclose.mx\/blog\/tramites\/\",\"name\":\"TR\u00c1MITES - So Close\",\"isPartOf\":{\"@id\":\"https:\/\/soclose.mx\/blog\/#website\"},\"datePublished\":\"2017-07-16T08:18:03+00:00\",\"dateModified\":\"2024-05-17T02:44:40+00:00\",\"breadcrumb\":{\"@id\":\"https:\/\/soclose.mx\/blog\/tramites\/#breadcrumb\"},\"inLanguage\":\"es\",\"potentialAction\":[{\"@type\":\"ReadAction\",\"target\":[\"https:\/\/soclose.mx\/blog\/tramites\/\"]}]},{\"@type\":\"BreadcrumbList\",\"@id\":\"https:\/\/soclose.mx\/blog\/tramites\/#breadcrumb\",\"itemListElement\":[{\"@type\":\"ListItem\",\"position\":1,\"name\":\"Inicio\",\"item\":\"https:\/\/soclose.mx\/blog\/\"},{\"@type\":\"ListItem\",\"position\":2,\"name\":\"TR\u00c1MITES\"}]},{\"@type\":\"WebSite\",\"@id\":\"https:\/\/soclose.mx\/blog\/#website\",\"url\":\"https:\/\/soclose.mx\/blog\/\",\"name\":\"So Close\",\"description\":\"Hacemos contenidos de M\u00e9xico\",\"publisher\":{\"@id\":\"https:\/\/soclose.mx\/blog\/#organization\"},\"potentialAction\":[{\"@type\":\"SearchAction\",\"target\":{\"@type\":\"EntryPoint\",\"urlTemplate\":\"https:\/\/soclose.mx\/blog\/?s={search_term_string}\"},\"query-input\":{\"@type\":\"PropertyValueSpecification\",\"valueRequired\":true,\"valueName\":\"search_term_string\"}}],\"inLanguage\":\"es\"},{\"@type\":\"Organization\",\"@id\":\"https:\/\/soclose.mx\/blog\/#organization\",\"name\":\"So Close\",\"url\":\"https:\/\/soclose.mx\/blog\/\",\"logo\":{\"@type\":\"ImageObject\",\"inLanguage\":\"es\",\"@id\":\"https:\/\/soclose.mx\/blog\/#\/schema\/logo\/image\/\",\"url\":\"https:\/\/i0.wp.com\/soclose.mx\/blog\/wp-content\/uploads\/2020\/12\/LOGO_SOCLOSE_COLOR-e1608310133507.png?fit=2858%2C1264&ssl=1\",\"contentUrl\":\"https:\/\/i0.wp.com\/soclose.mx\/blog\/wp-content\/uploads\/2020\/12\/LOGO_SOCLOSE_COLOR-e1608310133507.png?fit=2858%2C1264&ssl=1\",\"width\":2858,\"height\":1264,\"caption\":\"So Close\"},\"image\":{\"@id\":\"https:\/\/soclose.mx\/blog\/#\/schema\/logo\/image\/\"}}]}<\/script>\n<!-- \/ Yoast SEO plugin. -->","yoast_head_json":{"title":"TR\u00c1MITES - So Close","robots":{"index":"index","follow":"follow","max-snippet":"max-snippet:-1","max-image-preview":"max-image-preview:large","max-video-preview":"max-video-preview:-1"},"canonical":"https:\/\/soclose.mx\/blog\/tramites\/","og_locale":"es_MX","og_type":"article","og_title":"TR\u00c1MITES - So Close","og_description":"INFORMACI\u00d3N SOBRE TR\u00c1MITES Y ORIENTACI\u00d3N \u00bfC\u00f3mo votar en las elecciones 2024 de M\u00e9xico, si vivo en Estados Unidos? Como mexicanos queremos ser parte de la historia actual de nuestro pa\u00eds, contribuir con nuestro granito de arena a la cultura mexicana, incluso si es &#8230; Por Emmanuel Oviedo 1 mes Hace Lo que debes saber de las elecciones 2024 en M\u00e9xico En el a\u00f1o 2024 termina un sexenio y empieza otro periodo importante en la vida pol\u00edtica de nuestro pa\u00eds. En las calles sobreabunda la propaganda, &#8230; Por Emmanuel Oviedo 1 mes Hace C\u00f3mo encontrar trabajo en Europa, si eres mexicano","og_url":"https:\/\/soclose.mx\/blog\/tramites\/","og_site_name":"So Close","article_modified_time":"2024-05-17T02:44:40+00:00","twitter_card":"summary_large_image","twitter_misc":{"Tiempo de lectura":"3 minutos"},"schema":{"@context":"https:\/\/schema.org","@graph":[{"@type":"WebPage","@id":"https:\/\/soclose.mx\/blog\/tramites\/","url":"https:\/\/soclose.mx\/blog\/tramites\/","name":"TR\u00c1MITES - So Close","isPartOf":{"@id":"https:\/\/soclose.mx\/blog\/#website"},"datePublished":"2017-07-16T08:18:03+00:00","dateModified":"2024-05-17T02:44:40+00:00","breadcrumb":{"@id":"https:\/\/soclose.mx\/blog\/tramites\/#breadcrumb"},"inLanguage":"es","potentialAction":[{"@type":"ReadAction","target":["https:\/\/soclose.mx\/blog\/tramites\/"]}]},{"@type":"BreadcrumbList","@id":"https:\/\/soclose.mx\/blog\/tramites\/#breadcrumb","itemListElement":[{"@type":"ListItem","position":1,"name":"Inicio","item":"https:\/\/soclose.mx\/blog\/"},{"@type":"ListItem","position":2,"name":"TR\u00c1MITES"}]},{"@type":"WebSite","@id":"https:\/\/soclose.mx\/blog\/#website","url":"https:\/\/soclose.mx\/blog\/","name":"So Close","description":"Hacemos contenidos de M\u00e9xico","publisher":{"@id":"https:\/\/soclose.mx\/blog\/#organization"},"potentialAction":[{"@type":"SearchAction","target":{"@type":"EntryPoint","urlTemplate":"https:\/\/soclose.mx\/blog\/?s={search_term_string}"},"query-input":{"@type":"PropertyValueSpecification","valueRequired":true,"valueName":"search_term_string"}}],"inLanguage":"es"},{"@type":"Organization","@id":"https:\/\/soclose.mx\/blog\/#organization","name":"So Close","url":"https:\/\/soclose.mx\/blog\/","logo":{"@type":"ImageObject","inLanguage":"es","@id":"https:\/\/soclose.mx\/blog\/#\/schema\/logo\/image\/","url":"https:\/\/i0.wp.com\/soclose.mx\/blog\/wp-content\/uploads\/2020\/12\/LOGO_SOCLOSE_COLOR-e1608310133507.png?fit=2858%2C1264&ssl=1","contentUrl":"https:\/\/i0.wp.com\/soclose.mx\/blog\/wp-content\/uploads\/2020\/12\/LOGO_SOCLOSE_COLOR-e1608310133507.png?fit=2858%2C1264&ssl=1","width":2858,"height":1264,"caption":"So Close"},"image":{"@id":"https:\/\/soclose.mx\/blog\/#\/schema\/logo\/image\/"}}]}},"jetpack-related-posts":[{"id":6,"url":"https:\/\/soclose.mx\/blog\/soledad_home\/","url_meta":{"origin":3305,"position":0},"title":"Somos M\u00e9xico","author":"Alejandro Carranza","date":"12 octubre, 2019","format":false,"excerpt":"Historias con olor, sabor y amor a M\u00e9xico Tipos del Mezcal de M\u00e9xico: \u00a1Descubre el Elixir de los Dioses! Por So Close Los Sonideros: Patrimonio Cultural de la CDMX Por So Close El Misterioso Caso de Selene Delgado: Leyenda Urbana de la Televisi\u00f3n Mexicana Por So Close Copa Am\u00e9rica Migrante:\u2026","rel":"","context":"Entrada similar ","block_context":{"text":"Entrada similar ","link":""},"img":{"alt_text":"","src":"","width":0,"height":0},"classes":[]}],"jetpack_sharing_enabled":true,"_links":{"self":[{"href":"https:\/\/soclose.mx\/blog\/wp-json\/wp\/v2\/pages\/3305","targetHints":{"allow":["GET"]}}],"collection":[{"href":"https:\/\/soclose.mx\/blog\/wp-json\/wp\/v2\/pages"}],"about":[{"href":"https:\/\/soclose.mx\/blog\/wp-json\/wp\/v2\/types\/page"}],"author":[{"embeddable":true,"href":"https:\/\/soclose.mx\/blog\/wp-json\/wp\/v2\/users\/1"}],"replies":[{"embeddable":true,"href":"https:\/\/soclose.mx\/blog\/wp-json\/wp\/v2\/comments?post=3305"}],"version-history":[{"count":10,"href":"https:\/\/soclose.mx\/blog\/wp-json\/wp\/v2\/pages\/3305\/revisions"}],"predecessor-version":[{"id":13600,"href":"https:\/\/soclose.mx\/blog\/wp-json\/wp\/v2\/pages\/3305\/revisions\/13600"}],"wp:attachment":[{"href":"https:\/\/soclose.mx\/blog\/wp-json\/wp\/v2\/media?parent=3305"}],"curies":[{"name":"wp","href":"https:\/\/api.w.org\/{rel}","templated":true}]}}