{"id":3335,"date":"2017-12-01T00:56:10","date_gmt":"2017-12-01T06:56:10","guid":{"rendered":"https:\/\/soclose.mx\/wp\/?page_id=3335"},"modified":"2023-07-27T17:53:12","modified_gmt":"2023-07-27T23:53:12","slug":"comida-mexicana","status":"publish","type":"page","link":"https:\/\/soclose.mx\/blog\/comida-mexicana\/","title":{"rendered":"Comida mexicana"},"content":{"rendered":"\t\t<div data-elementor-type=\"wp-page\" data-elementor-id=\"3335\" class=\"elementor elementor-3335\">\n\t\t\t\t\t\t<section class=\"elementor-section elementor-top-section elementor-element elementor-element-b795181 elementor-section-boxed elementor-section-height-default elementor-section-height-default\" data-id=\"b795181\" data-element_type=\"section\">\n\t\t\t\t\t\t<div class=\"elementor-container elementor-column-gap-default\">\n\t\t\t\t\t<div class=\"elementor-column elementor-col-100 elementor-top-column elementor-element elementor-element-5940224\" data-id=\"5940224\" data-element_type=\"column\">\n\t\t\t<div class=\"elementor-widget-wrap elementor-element-populated\">\n\t\t\t\t\t\t<div class=\"elementor-element elementor-element-f3b89c5 elementor-widget elementor-widget-html\" data-id=\"f3b89c5\" data-element_type=\"widget\" data-widget_type=\"html.default\">\n\t\t\t\t<div class=\"elementor-widget-container\">\n\t\t\t\t\t<a href=\"https:\/\/www.hostgator.la\/275-7-1-1606.html\" target=\"_blank\" rel=\"nofollow\"><img data-recalc-dims=\"1\" fetchpriority=\"high\" decoding=\"async\" style=\"border:0px\" src=\"https:\/\/i0.wp.com\/latam-files.hostgator.com\/es\/afiliados\/creadordesitios\/970x90.png?resize=1170%2C88&#038;ssl=1\" width=\"1170\" height=\"88\" alt=\"\"><\/a>\t\t\t\t<\/div>\n\t\t\t\t<\/div>\n\t\t\t\t\t<\/div>\n\t\t<\/div>\n\t\t\t\t\t<\/div>\n\t\t<\/section>\n\t\t\t\t<section class=\"elementor-section elementor-top-section elementor-element elementor-element-ad3e631 elementor-section-boxed elementor-section-height-default elementor-section-height-default\" data-id=\"ad3e631\" data-element_type=\"section\">\n\t\t\t\t\t\t<div class=\"elementor-container elementor-column-gap-default\">\n\t\t\t\t\t<div class=\"elementor-column elementor-col-100 elementor-top-column elementor-element elementor-element-9534abf\" data-id=\"9534abf\" data-element_type=\"column\">\n\t\t\t<div class=\"elementor-widget-wrap\">\n\t\t\t\t\t\t\t<\/div>\n\t\t<\/div>\n\t\t\t\t\t<\/div>\n\t\t<\/section>\n\t\t\t\t<\/div>\n\t\t","protected":false},"excerpt":{"rendered":"<p>10 dulces que ya no existen&#8230;\u00a1y extra\u00f1amos! Chiles mexicanos: Antes y despu\u00e9s de secarse Mito o realidad: \u00bfel chito es carne de caballo o burro? 8 piropos mexicanos muy gastron\u00f3micos \u00bfD\u00f3nde encontrar la rosca de tacos? \u00bfCu\u00e1ntos tipos de frijoles existen? Tres milenarias recetas con nopales de la cocina otom\u00ed 7 curiosidades de los esquites (que debes de saber) La historia detr\u00e1s del ma\u00edz de colores \u00a1Lleg\u00f3 el mapa de los elotes y esquites de la CDMX y&#8230; Escamoles, el caviar mexicano que tienes que probar La versi\u00f3n prohibida del peyote Lo m\u00e1s reciente de comida mexicana Diez alimentos afrodisiacos<\/p>\n","protected":false},"author":1,"featured_media":0,"parent":0,"menu_order":0,"comment_status":"closed","ping_status":"closed","template":"","meta":{"footnotes":""},"class_list":["post-3335","page","type-page","status-publish","hentry"],"yoast_head":"<!-- This site is optimized with the Yoast SEO plugin v26.7 - https:\/\/yoast.com\/wordpress\/plugins\/seo\/ -->\n<title>Comida mexicana - So Close<\/title>\n<meta name=\"robots\" content=\"index, follow, max-snippet:-1, max-image-preview:large, max-video-preview:-1\" \/>\n<link rel=\"canonical\" href=\"https:\/\/soclose.mx\/blog\/comida-mexicana\/\" \/>\n<meta property=\"og:locale\" content=\"es_MX\" \/>\n<meta property=\"og:type\" content=\"article\" \/>\n<meta property=\"og:title\" content=\"Comida mexicana - So Close\" \/>\n<meta property=\"og:description\" content=\"10 dulces que ya no existen&#8230;\u00a1y extra\u00f1amos! Chiles mexicanos: Antes y despu\u00e9s de secarse Mito o realidad: \u00bfel chito es carne de caballo o burro? 8 piropos mexicanos muy gastron\u00f3micos \u00bfD\u00f3nde encontrar la rosca de tacos? \u00bfCu\u00e1ntos tipos de frijoles existen? Tres milenarias recetas con nopales de la cocina otom\u00ed 7 curiosidades de los esquites (que debes de saber) La historia detr\u00e1s del ma\u00edz de colores \u00a1Lleg\u00f3 el mapa de los elotes y esquites de la CDMX y&#8230; Escamoles, el caviar mexicano que tienes que probar La versi\u00f3n prohibida del peyote Lo m\u00e1s reciente de comida mexicana Diez alimentos afrodisiacos\" \/>\n<meta property=\"og:url\" content=\"https:\/\/soclose.mx\/blog\/comida-mexicana\/\" \/>\n<meta property=\"og:site_name\" content=\"So Close\" \/>\n<meta property=\"article:modified_time\" content=\"2023-07-27T23:53:12+00:00\" \/>\n<meta property=\"og:image\" content=\"https:\/\/latam-files.hostgator.com\/es\/afiliados\/creadordesitios\/970x90.png\" \/>\n<meta name=\"twitter:card\" content=\"summary_large_image\" \/>\n<meta name=\"twitter:label1\" content=\"Tiempo de lectura\" \/>\n\t<meta name=\"twitter:data1\" content=\"16 minutos\" \/>\n<script type=\"application\/ld+json\" class=\"yoast-schema-graph\">{\"@context\":\"https:\/\/schema.org\",\"@graph\":[{\"@type\":\"WebPage\",\"@id\":\"https:\/\/soclose.mx\/blog\/comida-mexicana\/\",\"url\":\"https:\/\/soclose.mx\/blog\/comida-mexicana\/\",\"name\":\"Comida mexicana - So Close\",\"isPartOf\":{\"@id\":\"https:\/\/soclose.mx\/blog\/#website\"},\"primaryImageOfPage\":{\"@id\":\"https:\/\/soclose.mx\/blog\/comida-mexicana\/#primaryimage\"},\"image\":{\"@id\":\"https:\/\/soclose.mx\/blog\/comida-mexicana\/#primaryimage\"},\"thumbnailUrl\":\"https:\/\/latam-files.hostgator.com\/es\/afiliados\/creadordesitios\/970x90.png\",\"datePublished\":\"2017-12-01T06:56:10+00:00\",\"dateModified\":\"2023-07-27T23:53:12+00:00\",\"breadcrumb\":{\"@id\":\"https:\/\/soclose.mx\/blog\/comida-mexicana\/#breadcrumb\"},\"inLanguage\":\"es\",\"potentialAction\":[{\"@type\":\"ReadAction\",\"target\":[\"https:\/\/soclose.mx\/blog\/comida-mexicana\/\"]}]},{\"@type\":\"ImageObject\",\"inLanguage\":\"es\",\"@id\":\"https:\/\/soclose.mx\/blog\/comida-mexicana\/#primaryimage\",\"url\":\"https:\/\/latam-files.hostgator.com\/es\/afiliados\/creadordesitios\/970x90.png\",\"contentUrl\":\"https:\/\/latam-files.hostgator.com\/es\/afiliados\/creadordesitios\/970x90.png\"},{\"@type\":\"BreadcrumbList\",\"@id\":\"https:\/\/soclose.mx\/blog\/comida-mexicana\/#breadcrumb\",\"itemListElement\":[{\"@type\":\"ListItem\",\"position\":1,\"name\":\"Inicio\",\"item\":\"https:\/\/soclose.mx\/blog\/\"},{\"@type\":\"ListItem\",\"position\":2,\"name\":\"Comida mexicana\"}]},{\"@type\":\"WebSite\",\"@id\":\"https:\/\/soclose.mx\/blog\/#website\",\"url\":\"https:\/\/soclose.mx\/blog\/\",\"name\":\"So Close\",\"description\":\"Hacemos contenidos de M\u00e9xico\",\"publisher\":{\"@id\":\"https:\/\/soclose.mx\/blog\/#organization\"},\"potentialAction\":[{\"@type\":\"SearchAction\",\"target\":{\"@type\":\"EntryPoint\",\"urlTemplate\":\"https:\/\/soclose.mx\/blog\/?s={search_term_string}\"},\"query-input\":{\"@type\":\"PropertyValueSpecification\",\"valueRequired\":true,\"valueName\":\"search_term_string\"}}],\"inLanguage\":\"es\"},{\"@type\":\"Organization\",\"@id\":\"https:\/\/soclose.mx\/blog\/#organization\",\"name\":\"So Close\",\"url\":\"https:\/\/soclose.mx\/blog\/\",\"logo\":{\"@type\":\"ImageObject\",\"inLanguage\":\"es\",\"@id\":\"https:\/\/soclose.mx\/blog\/#\/schema\/logo\/image\/\",\"url\":\"https:\/\/i0.wp.com\/soclose.mx\/blog\/wp-content\/uploads\/2020\/12\/LOGO_SOCLOSE_COLOR-e1608310133507.png?fit=2858%2C1264&ssl=1\",\"contentUrl\":\"https:\/\/i0.wp.com\/soclose.mx\/blog\/wp-content\/uploads\/2020\/12\/LOGO_SOCLOSE_COLOR-e1608310133507.png?fit=2858%2C1264&ssl=1\",\"width\":2858,\"height\":1264,\"caption\":\"So Close\"},\"image\":{\"@id\":\"https:\/\/soclose.mx\/blog\/#\/schema\/logo\/image\/\"}}]}<\/script>\n<!-- \/ Yoast SEO plugin. -->","yoast_head_json":{"title":"Comida mexicana - So Close","robots":{"index":"index","follow":"follow","max-snippet":"max-snippet:-1","max-image-preview":"max-image-preview:large","max-video-preview":"max-video-preview:-1"},"canonical":"https:\/\/soclose.mx\/blog\/comida-mexicana\/","og_locale":"es_MX","og_type":"article","og_title":"Comida mexicana - So Close","og_description":"10 dulces que ya no existen&#8230;\u00a1y extra\u00f1amos! Chiles mexicanos: Antes y despu\u00e9s de secarse Mito o realidad: \u00bfel chito es carne de caballo o burro? 8 piropos mexicanos muy gastron\u00f3micos \u00bfD\u00f3nde encontrar la rosca de tacos? \u00bfCu\u00e1ntos tipos de frijoles existen? Tres milenarias recetas con nopales de la cocina otom\u00ed 7 curiosidades de los esquites (que debes de saber) La historia detr\u00e1s del ma\u00edz de colores \u00a1Lleg\u00f3 el mapa de los elotes y esquites de la CDMX y&#8230; Escamoles, el caviar mexicano que tienes que probar La versi\u00f3n prohibida del peyote Lo m\u00e1s reciente de comida mexicana Diez alimentos afrodisiacos","og_url":"https:\/\/soclose.mx\/blog\/comida-mexicana\/","og_site_name":"So Close","article_modified_time":"2023-07-27T23:53:12+00:00","og_image":[{"url":"https:\/\/latam-files.hostgator.com\/es\/afiliados\/creadordesitios\/970x90.png","type":"","width":"","height":""}],"twitter_card":"summary_large_image","twitter_misc":{"Tiempo de lectura":"16 minutos"},"schema":{"@context":"https:\/\/schema.org","@graph":[{"@type":"WebPage","@id":"https:\/\/soclose.mx\/blog\/comida-mexicana\/","url":"https:\/\/soclose.mx\/blog\/comida-mexicana\/","name":"Comida mexicana - So Close","isPartOf":{"@id":"https:\/\/soclose.mx\/blog\/#website"},"primaryImageOfPage":{"@id":"https:\/\/soclose.mx\/blog\/comida-mexicana\/#primaryimage"},"image":{"@id":"https:\/\/soclose.mx\/blog\/comida-mexicana\/#primaryimage"},"thumbnailUrl":"https:\/\/latam-files.hostgator.com\/es\/afiliados\/creadordesitios\/970x90.png","datePublished":"2017-12-01T06:56:10+00:00","dateModified":"2023-07-27T23:53:12+00:00","breadcrumb":{"@id":"https:\/\/soclose.mx\/blog\/comida-mexicana\/#breadcrumb"},"inLanguage":"es","potentialAction":[{"@type":"ReadAction","target":["https:\/\/soclose.mx\/blog\/comida-mexicana\/"]}]},{"@type":"ImageObject","inLanguage":"es","@id":"https:\/\/soclose.mx\/blog\/comida-mexicana\/#primaryimage","url":"https:\/\/latam-files.hostgator.com\/es\/afiliados\/creadordesitios\/970x90.png","contentUrl":"https:\/\/latam-files.hostgator.com\/es\/afiliados\/creadordesitios\/970x90.png"},{"@type":"BreadcrumbList","@id":"https:\/\/soclose.mx\/blog\/comida-mexicana\/#breadcrumb","itemListElement":[{"@type":"ListItem","position":1,"name":"Inicio","item":"https:\/\/soclose.mx\/blog\/"},{"@type":"ListItem","position":2,"name":"Comida mexicana"}]},{"@type":"WebSite","@id":"https:\/\/soclose.mx\/blog\/#website","url":"https:\/\/soclose.mx\/blog\/","name":"So Close","description":"Hacemos contenidos de M\u00e9xico","publisher":{"@id":"https:\/\/soclose.mx\/blog\/#organization"},"potentialAction":[{"@type":"SearchAction","target":{"@type":"EntryPoint","urlTemplate":"https:\/\/soclose.mx\/blog\/?s={search_term_string}"},"query-input":{"@type":"PropertyValueSpecification","valueRequired":true,"valueName":"search_term_string"}}],"inLanguage":"es"},{"@type":"Organization","@id":"https:\/\/soclose.mx\/blog\/#organization","name":"So Close","url":"https:\/\/soclose.mx\/blog\/","logo":{"@type":"ImageObject","inLanguage":"es","@id":"https:\/\/soclose.mx\/blog\/#\/schema\/logo\/image\/","url":"https:\/\/i0.wp.com\/soclose.mx\/blog\/wp-content\/uploads\/2020\/12\/LOGO_SOCLOSE_COLOR-e1608310133507.png?fit=2858%2C1264&ssl=1","contentUrl":"https:\/\/i0.wp.com\/soclose.mx\/blog\/wp-content\/uploads\/2020\/12\/LOGO_SOCLOSE_COLOR-e1608310133507.png?fit=2858%2C1264&ssl=1","width":2858,"height":1264,"caption":"So Close"},"image":{"@id":"https:\/\/soclose.mx\/blog\/#\/schema\/logo\/image\/"}}]}},"jetpack-related-posts":[{"id":3124,"url":"https:\/\/soclose.mx\/blog\/lugares-de-mexico\/","url_meta":{"origin":3335,"position":0},"title":"Lugares de M\u00e9xico","author":"So Close","date":"3 julio, 2017","format":false,"excerpt":"Todos los lugares de M\u00e9xico Esto es un pueblo m\u00e1gico y la lista completa de... 3 a\u00f1os Hace Lo m\u00e1s pet friendly de la CDMX para llevarte a... 5 a\u00f1os Hace Playas v\u00edrgenes de M\u00e9xico para recibir A\u00f1o Nuevo 1 mes Hace 7 cosas que (debes) hacer en Mazunte, Oaxaca\u2026","rel":"","context":"Entrada similar ","block_context":{"text":"Entrada similar ","link":""},"img":{"alt_text":"","src":"","width":0,"height":0},"classes":[]},{"id":6,"url":"https:\/\/soclose.mx\/blog\/soledad_home\/","url_meta":{"origin":3335,"position":1},"title":"Somos M\u00e9xico","author":"Alejandro Carranza","date":"12 octubre, 2019","format":false,"excerpt":"Historias con olor, sabor y amor a M\u00e9xico Tipos del Mezcal de M\u00e9xico: \u00a1Descubre el Elixir de los Dioses! Por So Close Los Sonideros: Patrimonio Cultural de la CDMX Por So Close El Misterioso Caso de Selene Delgado: Leyenda Urbana de la Televisi\u00f3n Mexicana Por So Close Copa Am\u00e9rica Migrante:\u2026","rel":"","context":"Entrada similar ","block_context":{"text":"Entrada similar ","link":""},"img":{"alt_text":"","src":"","width":0,"height":0},"classes":[]},{"id":3305,"url":"https:\/\/soclose.mx\/blog\/tramites\/","url_meta":{"origin":3335,"position":2},"title":"TR\u00c1MITES","author":"So Close","date":"16 julio, 2017","format":false,"excerpt":"INFORMACI\u00d3N SOBRE TR\u00c1MITES Y ORIENTACI\u00d3N \u00bfC\u00f3mo votar en las elecciones 2024 de M\u00e9xico, si vivo en Estados Unidos? Como mexicanos queremos ser parte de la historia actual de nuestro pa\u00eds, contribuir con nuestro granito de arena a la cultura mexicana, incluso si es \u2026 Por Emmanuel Oviedo 1 mes Hace\u2026","rel":"","context":"Entrada similar ","block_context":{"text":"Entrada similar ","link":""},"img":{"alt_text":"","src":"","width":0,"height":0},"classes":[]},{"id":14132,"url":"https:\/\/soclose.mx\/blog\/a-la-mexicana\/","url_meta":{"origin":3335,"position":3},"title":"A la mexicana","author":"So Close","date":"27 septiembre, 2024","format":false,"excerpt":"[tdc_zone type=\"tdc_content\" tdc_css=\"eyJhbGwiOnsiYm9yZGVyLWNvbG9yIjoiI2ZmZmZmZiIsImRpc3BsYXkiOiIifX0=\"][vc_row full_width=\"stretch_row_1400 td-stretch-content\" tdc_css=\"eyJhbGwiOnsiYm9yZGVyLWJvdHRvbS13aWR0aCI6IjEiLCJwYWRkaW5nLXRvcCI6IjMwIiwicGFkZGluZy1ib3R0b20iOiIzMCIsImJvcmRlci1jb2xvciI6IiNmZmZmZmYiLCJkaXNwbGF5IjoiIn19\"][vc_column][tdm_block_column_title_simplified title_text=\"QSUyMExBJTIwTUVYSUNBTkE=\" title_tag=\"h1\" title_size=\"tdm-title-md\" content_align_horizontal=\"content-horiz-center\" tds_title_simplified_1-f_title_font_family=\"global-font-1_global\" tds_title_simplified_1-f_title_font_size=\"42\" tds_title_simplified_1-f_title_font_line_height=\"1.2\" tds_title_simplified_1-f_title_font_weight=\"600\" tds_title_simplified_1-f_title_font_transform=\"uppercase\" tds_title_simplified_1-f_title_font_spacing=\".5\"][\/vc_column][\/vc_row][vc_row flex_vert_align=\"stretch\" flex_layout=\"row\" full_width=\"stretch_row_1400 td-stretch-content\"][vc_column tdc_css=\"eyJhbGwiOnsiZGlzcGxheSI6IiJ9fQ==\"][td_flex_block_1 modules_on_row=\"33.33333333%\" limit=\"3\" hide_audio=\"yes\" category_id=\"1778\" f_title_font_family=\"global-font-1_global\" f_cat_font_family=\"global-font-1_global\" f_meta_font_family=\"global-font-3_global\" modules_gap=\"0\" all_modules_space=\"0\" m_padding=\"5px\" modules_border_size=\" 0 1px 0 0\" modules_border_color=\"#000000\" excl_margin=\"-4px 5px 0 0\" excl_padd=\"4px 5px 3px\" f_excl_font_family=\"global-font-2_global\" meta_width=\"85%\" meta_margin=\"0px auto 0 auto\"\u2026","rel":"","context":"Entrada similar ","block_context":{"text":"Entrada similar ","link":""},"img":{"alt_text":"","src":"","width":0,"height":0},"classes":[]},{"id":3103,"url":"https:\/\/soclose.mx\/blog\/latest\/","url_meta":{"origin":3335,"position":4},"title":"Latest","author":"So Close","date":"13 febrero, 2025","format":false,"excerpt":"","rel":"","context":"Entrada similar ","block_context":{"text":"Entrada similar ","link":""},"img":{"alt_text":"","src":"","width":0,"height":0},"classes":[]},{"id":14074,"url":"https:\/\/soclose.mx\/blog\/home\/","url_meta":{"origin":3335,"position":5},"title":"Home","author":"So Close","date":"26 septiembre, 2024","format":false,"excerpt":"[tdc_zone type=\"tdc_content\"][vc_row full_width=\"stretch_row_1400 td-stretch-content\" tdc_css=\"eyJhbGwiOnsiYm9yZGVyLWJvdHRvbS13aWR0aCI6IjEiLCJwYWRkaW5nLXRvcCI6IjMwIiwicGFkZGluZy1ib3R0b20iOiIzMCIsImJvcmRlci1jb2xvciI6InZhcigtLWJhc2UtY29sb3ItMSkiLCJiYWNrZ3JvdW5kLWNvbG9yIjoidmFyKC0tbGlnaHQtY29sb3ItMSkiLCJkaXNwbGF5IjoiIn0sInBvcnRyYWl0Ijp7InBhZGRpbmctdG9wIjoiMjAiLCJwYWRkaW5nLWJvdHRvbSI6IjIwIiwiZGlzcGxheSI6IiJ9LCJwb3J0cmFpdF9tYXhfd2lkdGgiOjEwMTgsInBvcnRyYWl0X21pbl93aWR0aCI6NzY4LCJsYW5kc2NhcGUiOnsicGFkZGluZy10b3AiOiIyNSIsInBhZGRpbmctYm90dG9tIjoiMjUiLCJkaXNwbGF5IjoiIn0sImxhbmRzY2FwZV9tYXhfd2lkdGgiOjExNDAsImxhbmRzY2FwZV9taW5fd2lkdGgiOjEwMTl9\"][vc_column tdc_css=\"eyJhbGwiOnsiZGlzcGxheSI6IiJ9fQ==\"][\/vc_column][\/vc_row][vc_row full_width=\"stretch_row_1400 td-stretch-content\" tdc_css=\"eyJhbGwiOnsicGFkZGluZy10b3AiOiI2MCIsImRpc3BsYXkiOiIifSwibGFuZHNjYXBlIjp7InBhZGRpbmctdG9wIjoiNDAiLCJkaXNwbGF5IjoiIn0sImxhbmRzY2FwZV9tYXhfd2lkdGgiOjExNDAsImxhbmRzY2FwZV9taW5fd2lkdGgiOjEwMTksInBvcnRyYWl0Ijp7InBhZGRpbmctdG9wIjoiMzAiLCJkaXNwbGF5IjoiIn0sInBvcnRyYWl0X21heF93aWR0aCI6MTAxOCwicG9ydHJhaXRfbWluX3dpZHRoIjo3NjgsInBob25lIjp7InBhZGRpbmctdG9wIjoiMjQiLCJkaXNwbGF5IjoiIn0sInBob25lX21heF93aWR0aCI6NzY3fQ==\" flex_layout=\"eyJhbGwiOiJibG9jayIsInBob25lIjoiY29sdW1uIn0=\" flex_vert_align=\"eyJhbGwiOiJmbGV4LXN0YXJ0IiwicGhvbmUiOiJmbGV4LXN0YXJ0In0=\" gap=\"0\"][vc_column width=\"1\/1\" tdc_css=\"eyJhbGwiOnsiZGlzcGxheSI6IiJ9LCJwaG9uZSI6eyJkaXNwbGF5IjoiIn0sInBob25lX21heF93aWR0aCI6NzY3fQ==\"][td_flex_block_1 modules_on_row=\"eyJhbGwiOiIzMy4zMzMzMzMzMyUiLCJwaG9uZSI6IjEwMCUifQ==\" limit=\"3\" modules_category=\"\" show_btn=\"none\" show_excerpt=\"\" ajax_pagination=\"\" td_ajax_preloading=\"\" sort=\"\" category_id=\"628\" f_title_font_size=\"eyJhbGwiOiIzMiIsImxhbmRzY2FwZSI6IjIyIiwicGhvbmUiOiIyNCIsInBvcnRyYWl0IjoiMTYifQ==\" f_title_font_line_height=\"eyJhbGwiOiIxLjM2IiwibGFuZHNjYXBlIjoiMS40NSIsInBvcnRyYWl0IjoiMjRweCIsInBob25lIjoiMzRweCJ9\" show_cat=\"\" meta_info_border_style=\"\" meta_padding=\"0\" modules_divider=\"\" image_size=\"\" meta_info_align=\"\" image_floated=\"\" tdc_css=\"eyJhbGwiOnsibWFyZ2luLXJpZ2h0IjoiLTIwIiwibWFyZ2luLWJvdHRvbSI6IjAiLCJtYXJnaW4tbGVmdCI6Ii0yMCIsImRpc3BsYXkiOiIifSwibGFuZHNjYXBlIjp7Im1hcmdpbi1yaWdodCI6Ii0xNSIsIm1hcmdpbi1sZWZ0IjoiLTE1IiwiZGlzcGxheSI6IiJ9LCJsYW5kc2NhcGVfbWF4X3dpZHRoIjoxMTQwLCJsYW5kc2NhcGVfbWluX3dpZHRoIjoxMDE5LCJwb3J0cmFpdCI6eyJtYXJnaW4tcmlnaHQiOiIwIiwibWFyZ2luLWxlZnQiOiIwIiwiZGlzcGxheSI6IiJ9LCJwb3J0cmFpdF9tYXhfd2lkdGgiOjEwMTgsInBvcnRyYWl0X21pbl93aWR0aCI6NzY4LCJwaG9uZSI6eyJtYXJnaW4tcmlnaHQiOiIwIiwibWFyZ2luLWxlZnQiOiIwIiwiZGlzcGxheSI6IiJ9LCJwaG9uZV9tYXhfd2lkdGgiOjc2N30=\" meta_info_horiz=\"content-horiz-center\" f_title_font_weight=\"800\" image_height=\"80\" all_modules_space=\"eyJhbGwiOiIwIiwicGhvbmUiOiIzMCJ9\" art_excerpt=\"eyJhbGwiOiIxNXB4IDAgMCIsInBvcnRyYWl0IjoiMTBweCAwIDAiLCJwaG9uZSI6IjEycHggMCAwIn0=\" art_title=\"eyJsYW5kc2NhcGUiOiIwIDAgOHB4IiwicG9ydHJhaXQiOiIwIiwiYWxsIjoiMCJ9\" btn_bg=\"rgba(255,255,255,0)\" f_btn_font_transform=\"uppercase\" f_btn_font_weight=\"\" f_cat_font_transform=\"uppercase\" f_cat_font_weight=\"700\" btn_bg_hover=\"rgba(255,255,255,0)\" meta_width=\"eyJwaG9uZSI6IjkwJSIsImFsbCI6IjkwJSJ9\" show_audio=\"\" show_com=\"none\" show_date=\"none\" show_author=\"eyJwb3J0cmFpdCI6Im5vbmUifQ==\"\u2026","rel":"","context":"Entrada similar ","block_context":{"text":"Entrada similar ","link":""},"img":{"alt_text":"","src":"","width":0,"height":0},"classes":[]}],"jetpack_sharing_enabled":true,"_links":{"self":[{"href":"https:\/\/soclose.mx\/blog\/wp-json\/wp\/v2\/pages\/3335","targetHints":{"allow":["GET"]}}],"collection":[{"href":"https:\/\/soclose.mx\/blog\/wp-json\/wp\/v2\/pages"}],"about":[{"href":"https:\/\/soclose.mx\/blog\/wp-json\/wp\/v2\/types\/page"}],"author":[{"embeddable":true,"href":"https:\/\/soclose.mx\/blog\/wp-json\/wp\/v2\/users\/1"}],"replies":[{"embeddable":true,"href":"https:\/\/soclose.mx\/blog\/wp-json\/wp\/v2\/comments?post=3335"}],"version-history":[{"count":0,"href":"https:\/\/soclose.mx\/blog\/wp-json\/wp\/v2\/pages\/3335\/revisions"}],"wp:attachment":[{"href":"https:\/\/soclose.mx\/blog\/wp-json\/wp\/v2\/media?parent=3335"}],"curies":[{"name":"wp","href":"https:\/\/api.w.org\/{rel}","templated":true}]}}