{"id":6,"date":"2019-10-12T03:22:50","date_gmt":"2019-10-12T03:22:50","guid":{"rendered":"https:\/\/demosoledad.pencidesign.net\/snorlax-fashion-news-two-sidebars\/?page_id=6"},"modified":"2024-08-21T21:09:45","modified_gmt":"2024-08-22T03:09:45","slug":"soledad_home","status":"publish","type":"page","link":"https:\/\/soclose.mx\/blog\/soledad_home\/","title":{"rendered":"Somos M\u00e9xico"},"content":{"rendered":"\t\t<div data-elementor-type=\"wp-page\" data-elementor-id=\"6\" class=\"elementor elementor-6\">\n\t\t\t\t\t\t<section class=\"elementor-section elementor-top-section elementor-element elementor-element-f3da411 elementor-section-boxed elementor-section-height-default elementor-section-height-default\" data-id=\"f3da411\" data-element_type=\"section\">\n\t\t\t\t\t\t<div class=\"elementor-container elementor-column-gap-default\">\n\t\t\t\t\t<div class=\"elementor-column elementor-col-100 elementor-top-column elementor-element elementor-element-52fa1b0\" data-id=\"52fa1b0\" data-element_type=\"column\">\n\t\t\t<div class=\"elementor-widget-wrap\">\n\t\t\t\t\t\t\t<\/div>\n\t\t<\/div>\n\t\t\t\t\t<\/div>\n\t\t<\/section>\n\t\t\t\t<section class=\"elementor-section elementor-top-section elementor-element elementor-element-316211f elementor-section-boxed elementor-section-height-default elementor-section-height-default\" data-id=\"316211f\" data-element_type=\"section\">\n\t\t\t\t\t\t<div class=\"elementor-container elementor-column-gap-default\">\n\t\t\t\t\t<div class=\"elementor-column elementor-col-100 elementor-top-column elementor-element elementor-element-5ac50c0\" data-id=\"5ac50c0\" data-element_type=\"column\">\n\t\t\t<div class=\"elementor-widget-wrap\">\n\t\t\t\t\t\t\t<\/div>\n\t\t<\/div>\n\t\t\t\t\t<\/div>\n\t\t<\/section>\n\t\t\t\t<section class=\"elementor-section elementor-top-section elementor-element elementor-element-46bd67c elementor-section-boxed elementor-section-height-default elementor-section-height-default\" data-id=\"46bd67c\" data-element_type=\"section\" data-settings=\"{&quot;background_background&quot;:&quot;classic&quot;,&quot;shape_divider_top&quot;:&quot;waves&quot;,&quot;shape_divider_bottom&quot;:&quot;waves&quot;}\">\n\t\t\t\t\t<div class=\"elementor-shape elementor-shape-top\" aria-hidden=\"true\" data-negative=\"false\">\n\t\t\t<svg xmlns=\"http:\/\/www.w3.org\/2000\/svg\" viewBox=\"0 0 1000 100\" preserveAspectRatio=\"none\">\n\t<path class=\"elementor-shape-fill\" d=\"M421.9,6.5c22.6-2.5,51.5,0.4,75.5,5.3c23.6,4.9,70.9,23.5,100.5,35.7c75.8,32.2,133.7,44.5,192.6,49.7\n\tc23.6,2.1,48.7,3.5,103.4-2.5c54.7-6,106.2-25.6,106.2-25.6V0H0v30.3c0,0,72,32.6,158.4,30.5c39.2-0.7,92.8-6.7,134-22.4\n\tc21.2-8.1,52.2-18.2,79.7-24.2C399.3,7.9,411.6,7.5,421.9,6.5z\"\/>\n<\/svg>\t\t<\/div>\n\t\t\t\t<div class=\"elementor-shape elementor-shape-bottom\" aria-hidden=\"true\" data-negative=\"false\">\n\t\t\t<svg xmlns=\"http:\/\/www.w3.org\/2000\/svg\" viewBox=\"0 0 1000 100\" preserveAspectRatio=\"none\">\n\t<path class=\"elementor-shape-fill\" d=\"M421.9,6.5c22.6-2.5,51.5,0.4,75.5,5.3c23.6,4.9,70.9,23.5,100.5,35.7c75.8,32.2,133.7,44.5,192.6,49.7\n\tc23.6,2.1,48.7,3.5,103.4-2.5c54.7-6,106.2-25.6,106.2-25.6V0H0v30.3c0,0,72,32.6,158.4,30.5c39.2-0.7,92.8-6.7,134-22.4\n\tc21.2-8.1,52.2-18.2,79.7-24.2C399.3,7.9,411.6,7.5,421.9,6.5z\"\/>\n<\/svg>\t\t<\/div>\n\t\t\t\t\t<div class=\"elementor-container elementor-column-gap-wider\">\n\t\t\t\t\t<div class=\"elementor-column elementor-col-25 elementor-top-column elementor-element elementor-element-48cdd40\" data-id=\"48cdd40\" data-element_type=\"column\">\n\t\t\t<div class=\"elementor-widget-wrap\">\n\t\t\t\t\t\t\t<\/div>\n\t\t<\/div>\n\t\t\t\t<div class=\"elementor-column elementor-col-50 elementor-top-column elementor-element elementor-element-a5602a6\" data-id=\"a5602a6\" data-element_type=\"column\">\n\t\t\t<div class=\"elementor-widget-wrap\">\n\t\t\t\t\t\t\t<\/div>\n\t\t<\/div>\n\t\t\t\t<div class=\"elementor-column elementor-col-25 elementor-top-column elementor-element elementor-element-55db568\" data-id=\"55db568\" data-element_type=\"column\">\n\t\t\t<div class=\"elementor-widget-wrap\">\n\t\t\t\t\t\t\t<\/div>\n\t\t<\/div>\n\t\t\t\t\t<\/div>\n\t\t<\/section>\n\t\t\t\t<section class=\"elementor-section elementor-top-section elementor-element elementor-element-7bec90d elementor-section-boxed elementor-section-height-default elementor-section-height-default\" data-id=\"7bec90d\" data-element_type=\"section\">\n\t\t\t\t\t\t<div class=\"elementor-container elementor-column-gap-default\">\n\t\t\t\t\t<div class=\"elementor-column elementor-col-25 elementor-top-column elementor-element elementor-element-2d1f427\" data-id=\"2d1f427\" data-element_type=\"column\">\n\t\t\t<div class=\"elementor-widget-wrap\">\n\t\t\t\t\t\t\t<\/div>\n\t\t<\/div>\n\t\t\t\t<div class=\"elementor-column elementor-col-25 elementor-top-column elementor-element elementor-element-93749f8\" data-id=\"93749f8\" data-element_type=\"column\">\n\t\t\t<div class=\"elementor-widget-wrap\">\n\t\t\t\t\t\t\t<\/div>\n\t\t<\/div>\n\t\t\t\t<div class=\"elementor-column elementor-col-25 elementor-top-column elementor-element elementor-element-ca3642e\" data-id=\"ca3642e\" data-element_type=\"column\">\n\t\t\t<div class=\"elementor-widget-wrap\">\n\t\t\t\t\t\t\t<\/div>\n\t\t<\/div>\n\t\t\t\t<div class=\"elementor-column elementor-col-25 elementor-top-column elementor-element elementor-element-ac97a3e\" data-id=\"ac97a3e\" data-element_type=\"column\">\n\t\t\t<div class=\"elementor-widget-wrap\">\n\t\t\t\t\t\t\t<\/div>\n\t\t<\/div>\n\t\t\t\t\t<\/div>\n\t\t<\/section>\n\t\t\t\t<\/div>\n\t\t","protected":false},"excerpt":{"rendered":"<p>Historias con olor, sabor y amor a M\u00e9xico Tipos del Mezcal de M\u00e9xico: \u00a1Descubre el Elixir de los Dioses! Por So Close Los Sonideros: Patrimonio Cultural de la CDMX Por So Close El Misterioso Caso de Selene Delgado: Leyenda Urbana de la Televisi\u00f3n Mexicana Por So Close Copa Am\u00e9rica Migrante: Un Puente de Uni\u00f3n en la Frontera de M\u00e9xico Por So Close Albur\u00f3metro: \u00bfCu\u00e1nto sabes de albures mexicanos? Por So Close Te interesa As\u00ed puedes viajar a Canad\u00e1 si eres mexicano 5 meses Hace C\u00f3mo Evitar Fraudes al Enviar Dinero a M\u00e9xico 1 semana Hace C\u00f3mo estudiar en Estados Unidos<\/p>\n","protected":false},"author":7,"featured_media":0,"parent":0,"menu_order":0,"comment_status":"closed","ping_status":"closed","template":"page-fullwidth.php","meta":{"footnotes":""},"class_list":["post-6","page","type-page","status-publish","hentry"],"yoast_head":"<!-- This site is optimized with the Yoast SEO plugin v26.7 - https:\/\/yoast.com\/wordpress\/plugins\/seo\/ -->\n<title>Somos M\u00e9xico - So Close<\/title>\n<meta name=\"robots\" content=\"index, follow, max-snippet:-1, max-image-preview:large, max-video-preview:-1\" \/>\n<link rel=\"canonical\" href=\"https:\/\/soclose.mx\/blog\/tag\/juan-rulfo-frases-mujeres\/\" \/>\n<meta property=\"og:locale\" content=\"es_MX\" \/>\n<meta property=\"og:type\" content=\"article\" \/>\n<meta property=\"og:title\" content=\"Somos M\u00e9xico - So Close\" \/>\n<meta property=\"og:description\" content=\"Historias con olor, sabor y amor a M\u00e9xico Tipos del Mezcal de M\u00e9xico: \u00a1Descubre el Elixir de los Dioses! Por So Close Los Sonideros: Patrimonio Cultural de la CDMX Por So Close El Misterioso Caso de Selene Delgado: Leyenda Urbana de la Televisi\u00f3n Mexicana Por So Close Copa Am\u00e9rica Migrante: Un Puente de Uni\u00f3n en la Frontera de M\u00e9xico Por So Close Albur\u00f3metro: \u00bfCu\u00e1nto sabes de albures mexicanos? Por So Close Te interesa As\u00ed puedes viajar a Canad\u00e1 si eres mexicano 5 meses Hace C\u00f3mo Evitar Fraudes al Enviar Dinero a M\u00e9xico 1 semana Hace C\u00f3mo estudiar en Estados Unidos\" \/>\n<meta property=\"og:url\" content=\"https:\/\/soclose.mx\/blog\/tag\/juan-rulfo-frases-mujeres\/\" \/>\n<meta property=\"og:site_name\" content=\"So Close\" \/>\n<meta property=\"article:modified_time\" content=\"2024-08-22T03:09:45+00:00\" \/>\n<meta name=\"twitter:card\" content=\"summary_large_image\" \/>\n<meta name=\"twitter:label1\" content=\"Tiempo de lectura\" \/>\n\t<meta name=\"twitter:data1\" content=\"5 minutos\" \/>\n<script type=\"application\/ld+json\" class=\"yoast-schema-graph\">{\"@context\":\"https:\/\/schema.org\",\"@graph\":[{\"@type\":\"WebPage\",\"@id\":\"https:\/\/soclose.mx\/blog\/tag\/juan-rulfo-frases-mujeres\/\",\"url\":\"https:\/\/soclose.mx\/blog\/tag\/juan-rulfo-frases-mujeres\/\",\"name\":\"Somos M\u00e9xico - So Close\",\"isPartOf\":{\"@id\":\"https:\/\/soclose.mx\/blog\/#website\"},\"datePublished\":\"2019-10-12T03:22:50+00:00\",\"dateModified\":\"2024-08-22T03:09:45+00:00\",\"breadcrumb\":{\"@id\":\"https:\/\/soclose.mx\/blog\/tag\/juan-rulfo-frases-mujeres\/#breadcrumb\"},\"inLanguage\":\"es\",\"potentialAction\":[{\"@type\":\"ReadAction\",\"target\":[\"https:\/\/soclose.mx\/blog\/tag\/juan-rulfo-frases-mujeres\/\"]}]},{\"@type\":\"BreadcrumbList\",\"@id\":\"https:\/\/soclose.mx\/blog\/tag\/juan-rulfo-frases-mujeres\/#breadcrumb\",\"itemListElement\":[{\"@type\":\"ListItem\",\"position\":1,\"name\":\"Inicio\",\"item\":\"https:\/\/soclose.mx\/blog\/\"},{\"@type\":\"ListItem\",\"position\":2,\"name\":\"Somos M\u00e9xico\"}]},{\"@type\":\"WebSite\",\"@id\":\"https:\/\/soclose.mx\/blog\/#website\",\"url\":\"https:\/\/soclose.mx\/blog\/\",\"name\":\"So Close\",\"description\":\"Hacemos contenidos de M\u00e9xico\",\"publisher\":{\"@id\":\"https:\/\/soclose.mx\/blog\/#organization\"},\"potentialAction\":[{\"@type\":\"SearchAction\",\"target\":{\"@type\":\"EntryPoint\",\"urlTemplate\":\"https:\/\/soclose.mx\/blog\/?s={search_term_string}\"},\"query-input\":{\"@type\":\"PropertyValueSpecification\",\"valueRequired\":true,\"valueName\":\"search_term_string\"}}],\"inLanguage\":\"es\"},{\"@type\":\"Organization\",\"@id\":\"https:\/\/soclose.mx\/blog\/#organization\",\"name\":\"So Close\",\"url\":\"https:\/\/soclose.mx\/blog\/\",\"logo\":{\"@type\":\"ImageObject\",\"inLanguage\":\"es\",\"@id\":\"https:\/\/soclose.mx\/blog\/#\/schema\/logo\/image\/\",\"url\":\"https:\/\/i0.wp.com\/soclose.mx\/blog\/wp-content\/uploads\/2020\/12\/LOGO_SOCLOSE_COLOR-e1608310133507.png?fit=2858%2C1264&ssl=1\",\"contentUrl\":\"https:\/\/i0.wp.com\/soclose.mx\/blog\/wp-content\/uploads\/2020\/12\/LOGO_SOCLOSE_COLOR-e1608310133507.png?fit=2858%2C1264&ssl=1\",\"width\":2858,\"height\":1264,\"caption\":\"So Close\"},\"image\":{\"@id\":\"https:\/\/soclose.mx\/blog\/#\/schema\/logo\/image\/\"}}]}<\/script>\n<!-- \/ Yoast SEO plugin. -->","yoast_head_json":{"title":"Somos M\u00e9xico - So Close","robots":{"index":"index","follow":"follow","max-snippet":"max-snippet:-1","max-image-preview":"max-image-preview:large","max-video-preview":"max-video-preview:-1"},"canonical":"https:\/\/soclose.mx\/blog\/tag\/juan-rulfo-frases-mujeres\/","og_locale":"es_MX","og_type":"article","og_title":"Somos M\u00e9xico - So Close","og_description":"Historias con olor, sabor y amor a M\u00e9xico Tipos del Mezcal de M\u00e9xico: \u00a1Descubre el Elixir de los Dioses! Por So Close Los Sonideros: Patrimonio Cultural de la CDMX Por So Close El Misterioso Caso de Selene Delgado: Leyenda Urbana de la Televisi\u00f3n Mexicana Por So Close Copa Am\u00e9rica Migrante: Un Puente de Uni\u00f3n en la Frontera de M\u00e9xico Por So Close Albur\u00f3metro: \u00bfCu\u00e1nto sabes de albures mexicanos? Por So Close Te interesa As\u00ed puedes viajar a Canad\u00e1 si eres mexicano 5 meses Hace C\u00f3mo Evitar Fraudes al Enviar Dinero a M\u00e9xico 1 semana Hace C\u00f3mo estudiar en Estados Unidos","og_url":"https:\/\/soclose.mx\/blog\/tag\/juan-rulfo-frases-mujeres\/","og_site_name":"So Close","article_modified_time":"2024-08-22T03:09:45+00:00","twitter_card":"summary_large_image","twitter_misc":{"Tiempo de lectura":"5 minutos"},"schema":{"@context":"https:\/\/schema.org","@graph":[{"@type":"WebPage","@id":"https:\/\/soclose.mx\/blog\/tag\/juan-rulfo-frases-mujeres\/","url":"https:\/\/soclose.mx\/blog\/tag\/juan-rulfo-frases-mujeres\/","name":"Somos M\u00e9xico - So Close","isPartOf":{"@id":"https:\/\/soclose.mx\/blog\/#website"},"datePublished":"2019-10-12T03:22:50+00:00","dateModified":"2024-08-22T03:09:45+00:00","breadcrumb":{"@id":"https:\/\/soclose.mx\/blog\/tag\/juan-rulfo-frases-mujeres\/#breadcrumb"},"inLanguage":"es","potentialAction":[{"@type":"ReadAction","target":["https:\/\/soclose.mx\/blog\/tag\/juan-rulfo-frases-mujeres\/"]}]},{"@type":"BreadcrumbList","@id":"https:\/\/soclose.mx\/blog\/tag\/juan-rulfo-frases-mujeres\/#breadcrumb","itemListElement":[{"@type":"ListItem","position":1,"name":"Inicio","item":"https:\/\/soclose.mx\/blog\/"},{"@type":"ListItem","position":2,"name":"Somos M\u00e9xico"}]},{"@type":"WebSite","@id":"https:\/\/soclose.mx\/blog\/#website","url":"https:\/\/soclose.mx\/blog\/","name":"So Close","description":"Hacemos contenidos de M\u00e9xico","publisher":{"@id":"https:\/\/soclose.mx\/blog\/#organization"},"potentialAction":[{"@type":"SearchAction","target":{"@type":"EntryPoint","urlTemplate":"https:\/\/soclose.mx\/blog\/?s={search_term_string}"},"query-input":{"@type":"PropertyValueSpecification","valueRequired":true,"valueName":"search_term_string"}}],"inLanguage":"es"},{"@type":"Organization","@id":"https:\/\/soclose.mx\/blog\/#organization","name":"So Close","url":"https:\/\/soclose.mx\/blog\/","logo":{"@type":"ImageObject","inLanguage":"es","@id":"https:\/\/soclose.mx\/blog\/#\/schema\/logo\/image\/","url":"https:\/\/i0.wp.com\/soclose.mx\/blog\/wp-content\/uploads\/2020\/12\/LOGO_SOCLOSE_COLOR-e1608310133507.png?fit=2858%2C1264&ssl=1","contentUrl":"https:\/\/i0.wp.com\/soclose.mx\/blog\/wp-content\/uploads\/2020\/12\/LOGO_SOCLOSE_COLOR-e1608310133507.png?fit=2858%2C1264&ssl=1","width":2858,"height":1264,"caption":"So Close"},"image":{"@id":"https:\/\/soclose.mx\/blog\/#\/schema\/logo\/image\/"}}]}},"jetpack-related-posts":[{"id":3124,"url":"https:\/\/soclose.mx\/blog\/lugares-de-mexico\/","url_meta":{"origin":6,"position":0},"title":"Lugares de M\u00e9xico","author":"So Close","date":"3 julio, 2017","format":false,"excerpt":"Todos los lugares de M\u00e9xico Esto es un pueblo m\u00e1gico y la lista completa de... 3 a\u00f1os Hace Lo m\u00e1s pet friendly de la CDMX para llevarte a... 5 a\u00f1os Hace Playas v\u00edrgenes de M\u00e9xico para recibir A\u00f1o Nuevo 1 mes Hace 7 cosas que (debes) hacer en Mazunte, Oaxaca\u2026","rel":"","context":"Entrada similar ","block_context":{"text":"Entrada similar ","link":""},"img":{"alt_text":"","src":"","width":0,"height":0},"classes":[]},{"id":3335,"url":"https:\/\/soclose.mx\/blog\/comida-mexicana\/","url_meta":{"origin":6,"position":1},"title":"Comida mexicana","author":"So Close","date":"1 diciembre, 2017","format":false,"excerpt":"10 dulces que ya no existen\u2026\u00a1y extra\u00f1amos! Chiles mexicanos: Antes y despu\u00e9s de secarse Mito o realidad: \u00bfel chito es carne de caballo o burro? 8 piropos mexicanos muy gastron\u00f3micos \u00bfD\u00f3nde encontrar la rosca de tacos? \u00bfCu\u00e1ntos tipos de frijoles existen? Tres milenarias recetas con nopales de la cocina otom\u00ed\u2026","rel":"","context":"Entrada similar ","block_context":{"text":"Entrada similar ","link":""},"img":{"alt_text":"","src":"https:\/\/i0.wp.com\/latam-files.hostgator.com\/es\/afiliados\/creadordesitios\/970x90.png?resize=350%2C200&ssl=1","width":350,"height":200,"srcset":"https:\/\/i0.wp.com\/latam-files.hostgator.com\/es\/afiliados\/creadordesitios\/970x90.png?resize=350%2C200&ssl=1 1x, https:\/\/i0.wp.com\/latam-files.hostgator.com\/es\/afiliados\/creadordesitios\/970x90.png?resize=525%2C300&ssl=1 1.5x, https:\/\/i0.wp.com\/latam-files.hostgator.com\/es\/afiliados\/creadordesitios\/970x90.png?resize=700%2C400&ssl=1 2x, https:\/\/i0.wp.com\/latam-files.hostgator.com\/es\/afiliados\/creadordesitios\/970x90.png?resize=1050%2C600&ssl=1 3x"},"classes":[]},{"id":3126,"url":"https:\/\/soclose.mx\/blog\/pueblos-magicos-de-mexico\/","url_meta":{"origin":6,"position":2},"title":"Pueblos M\u00e1gicos de M\u00e9xico","author":"So Close","date":"3 julio, 2017","format":false,"excerpt":"Pueblos M\u00e1gicos de M\u00e9xico LugaresPueblos m\u00e1gicos Tetela de Ocampo, Puebla, el pueblo m\u00e1gico de los \u201cTres Juanes\u201d Por So Close 7 cosas que hacer en el pueblo m\u00e1gico de Huauchinango Por Miguel Angel Romero Arteaga, Coahuila: El pueblo m\u00e1gico perfecto para esquiar Por Miguel Angel Romero LugaresPueblos m\u00e1gicos Aculco, Estado\u2026","rel":"","context":"Entrada similar ","block_context":{"text":"Entrada similar ","link":""},"img":{"alt_text":"","src":"https:\/\/i0.wp.com\/img.youtube.com\/vi\/zDxocFG-o6Mhttps\/0.jpg?resize=350%2C200","width":350,"height":200},"classes":[]},{"id":3305,"url":"https:\/\/soclose.mx\/blog\/tramites\/","url_meta":{"origin":6,"position":3},"title":"TR\u00c1MITES","author":"So Close","date":"16 julio, 2017","format":false,"excerpt":"INFORMACI\u00d3N SOBRE TR\u00c1MITES Y ORIENTACI\u00d3N \u00bfC\u00f3mo votar en las elecciones 2024 de M\u00e9xico, si vivo en Estados Unidos? Como mexicanos queremos ser parte de la historia actual de nuestro pa\u00eds, contribuir con nuestro granito de arena a la cultura mexicana, incluso si es \u2026 Por Emmanuel Oviedo 1 mes Hace\u2026","rel":"","context":"Entrada similar ","block_context":{"text":"Entrada similar ","link":""},"img":{"alt_text":"","src":"","width":0,"height":0},"classes":[]},{"id":3130,"url":"https:\/\/soclose.mx\/blog\/home-masonry-2-col\/","url_meta":{"origin":6,"position":4},"title":"So Close &#8211; Somos M\u00e9xico","author":"So Close","date":"3 julio, 2017","format":false,"excerpt":"","rel":"","context":"Entrada similar ","block_context":{"text":"Entrada similar ","link":""},"img":{"alt_text":"","src":"","width":0,"height":0},"classes":[]}],"jetpack_sharing_enabled":true,"_links":{"self":[{"href":"https:\/\/soclose.mx\/blog\/wp-json\/wp\/v2\/pages\/6","targetHints":{"allow":["GET"]}}],"collection":[{"href":"https:\/\/soclose.mx\/blog\/wp-json\/wp\/v2\/pages"}],"about":[{"href":"https:\/\/soclose.mx\/blog\/wp-json\/wp\/v2\/types\/page"}],"author":[{"embeddable":true,"href":"https:\/\/soclose.mx\/blog\/wp-json\/wp\/v2\/users\/7"}],"replies":[{"embeddable":true,"href":"https:\/\/soclose.mx\/blog\/wp-json\/wp\/v2\/comments?post=6"}],"version-history":[{"count":117,"href":"https:\/\/soclose.mx\/blog\/wp-json\/wp\/v2\/pages\/6\/revisions"}],"predecessor-version":[{"id":13943,"href":"https:\/\/soclose.mx\/blog\/wp-json\/wp\/v2\/pages\/6\/revisions\/13943"}],"wp:attachment":[{"href":"https:\/\/soclose.mx\/blog\/wp-json\/wp\/v2\/media?parent=6"}],"curies":[{"name":"wp","href":"https:\/\/api.w.org\/{rel}","templated":true}]}}